{"id":24767,"date":"2026-03-06T11:53:43","date_gmt":"2026-03-06T11:53:43","guid":{"rendered":"https:\/\/bionatic.com\/?page_id=24767"},"modified":"2026-03-06T11:58:25","modified_gmt":"2026-03-06T11:58:25","slug":"werkstudent-m-w-d-seo","status":"publish","type":"page","link":"https:\/\/bionatic.com\/en\/karriere\/werkstudent-m-w-d-seo\/","title":{"rendered":"Werkstudent (m\/w\/d) SEO"},"content":{"rendered":"<div data-elementor-type=\"wp-page\" data-elementor-id=\"24767\" class=\"elementor elementor-24767\" data-elementor-post-type=\"page\">\n\t\t\t\t\t\t<section class=\"elementor-section elementor-top-section elementor-element elementor-element-7d38763b elementor-section-height-full elementor-section-full_width elementor-section-height-default elementor-section-items-middle\" data-id=\"7d38763b\" data-element_type=\"section\" data-settings=\"{&quot;background_background&quot;:&quot;classic&quot;}\">\n\t\t\t\t\t\t<div class=\"elementor-container elementor-column-gap-default\">\n\t\t\t\t\t<div class=\"elementor-column elementor-col-100 elementor-top-column elementor-element elementor-element-66fe845d\" data-id=\"66fe845d\" data-element_type=\"column\">\n\t\t\t<div class=\"elementor-widget-wrap elementor-element-populated\">\n\t\t\t\t\t\t<div class=\"elementor-element elementor-element-1c8adb7f bio-txt-shadow elementor-widget elementor-widget-heading\" data-id=\"1c8adb7f\" data-element_type=\"widget\" data-widget_type=\"heading.default\">\n\t\t\t\t<div class=\"elementor-widget-container\">\n\t\t\t\t\t<h1 class=\"elementor-heading-title elementor-size-default\">Werkstudent (m\/w\/d) SEO<\/h1>\t\t\t\t<\/div>\n\t\t\t\t<\/div>\n\t\t\t\t\t<\/div>\n\t\t<\/div>\n\t\t\t\t\t<\/div>\n\t\t<\/section>\n\t\t<div class=\"elementor-element elementor-element-1a58053f e-flex e-con-boxed e-con e-parent\" data-id=\"1a58053f\" data-element_type=\"container\">\n\t\t\t\t\t<div class=\"e-con-inner\">\n\t\t\t\t<div class=\"elementor-element elementor-element-1d92e6f elementor-widget elementor-widget-text-editor\" data-id=\"1d92e6f\" data-element_type=\"widget\" data-widget_type=\"text-editor.default\">\n\t\t\t\t<div class=\"elementor-widget-container\">\n\t\t\t\t\t\t\t\t\t<p>Schreiben, schreiben, schreiben! So h\u00f6rt sich dein Traum-Studi-Job an? Dann lies weiter!<\/p><p>Du studierst Germanistik, Kommunikations- und Medienwissenschaften, Marketing oder \u00c4hnliches und hast Spa\u00df an allem, was mit Texten und Sprache zu tun hat?<\/p><p>Wir suchen eine\/n Werkstudentin\/en (m\/w\/d) f\u00fcr unser SEO-Team f\u00fcr 15-20 Wochenstunden. Du solltest Spa\u00df daran haben, Texte zu schreiben, dich in den Bereich SEO einzuarbeiten und \u00fcber nachhaltige Produkte zu berichten.<br \/>Wir von Green Box verkaufen unter biologischverpacken.de nachhaltige Einweg- und Mehrwegverpackungen an \u00fcberwiegend B2B Kundinnen und Kunden. Unsere Artikel und Arbeitsweisen sind zu 100 Prozent CO2-kompensiert. Zudem sind wir mit unseren internationalen Shops auch im Ausland vertreten. Wir sind als Bremer Unternehmen lokal verankert und haben unser B\u00fcro in Uni-N\u00e4he.<\/p>\t\t\t\t\t\t\t\t<\/div>\n\t\t\t\t<\/div>\n\t\t\t\t<div class=\"elementor-element elementor-element-30c2ebe4 elementor-widget elementor-widget-heading\" data-id=\"30c2ebe4\" data-element_type=\"widget\" data-widget_type=\"heading.default\">\n\t\t\t\t<div class=\"elementor-widget-container\">\n\t\t\t\t\t<h3 class=\"elementor-heading-title elementor-size-default\">Deine Aufgaben<\/h3>\t\t\t\t<\/div>\n\t\t\t\t<\/div>\n\t\t\t\t<div class=\"elementor-element elementor-element-3cdb7e6a bio-icon-oben elementor-icon-list--layout-traditional elementor-list-item-link-full_width elementor-widget elementor-widget-icon-list\" data-id=\"3cdb7e6a\" data-element_type=\"widget\" data-widget_type=\"icon-list.default\">\n\t\t\t\t<div class=\"elementor-widget-container\">\n\t\t\t\t\t\t\t<ul class=\"elementor-icon-list-items\">\n\t\t\t\t\t\t\t<li class=\"elementor-icon-list-item\">\n\t\t\t\t\t\t\t\t\t\t\t<span class=\"elementor-icon-list-icon\">\n\t\t\t\t\t\t\t<i aria-hidden=\"true\" class=\"bio bio-bio-arrow-right\"><\/i>\t\t\t\t\t\t<\/span>\n\t\t\t\t\t\t\t\t\t\t<span class=\"elementor-icon-list-text\">Kreative Texte erstellen im Bereich Produkt- und Kategorietexte<\/span>\n\t\t\t\t\t\t\t\t\t<\/li>\n\t\t\t\t\t\t\t\t<li class=\"elementor-icon-list-item\">\n\t\t\t\t\t\t\t\t\t\t\t<span class=\"elementor-icon-list-icon\">\n\t\t\t\t\t\t\t<i aria-hidden=\"true\" class=\"bio bio-bio-arrow-right\"><\/i>\t\t\t\t\t\t<\/span>\n\t\t\t\t\t\t\t\t\t\t<span class=\"elementor-icon-list-text\">Flie\u00dftexte f\u00fcr Ratgeber und Kataloge schreiben<\/span>\n\t\t\t\t\t\t\t\t\t<\/li>\n\t\t\t\t\t\t\t\t<li class=\"elementor-icon-list-item\">\n\t\t\t\t\t\t\t\t\t\t\t<span class=\"elementor-icon-list-icon\">\n\t\t\t\t\t\t\t<i aria-hidden=\"true\" class=\"bio bio-bio-arrow-right\"><\/i>\t\t\t\t\t\t<\/span>\n\t\t\t\t\t\t\t\t\t\t<span class=\"elementor-icon-list-text\">Verfassen von Blog-Beitr\u00e4gen<\/span>\n\t\t\t\t\t\t\t\t\t<\/li>\n\t\t\t\t\t\t\t\t<li class=\"elementor-icon-list-item\">\n\t\t\t\t\t\t\t\t\t\t\t<span class=\"elementor-icon-list-icon\">\n\t\t\t\t\t\t\t<i aria-hidden=\"true\" class=\"bio bio-bio-arrow-right\"><\/i>\t\t\t\t\t\t<\/span>\n\t\t\t\t\t\t\t\t\t\t<span class=\"elementor-icon-list-text\">Umgang mit SEO-Tools<\/span>\n\t\t\t\t\t\t\t\t\t<\/li>\n\t\t\t\t\t\t\t\t<li class=\"elementor-icon-list-item\">\n\t\t\t\t\t\t\t\t\t\t\t<span class=\"elementor-icon-list-icon\">\n\t\t\t\t\t\t\t<i aria-hidden=\"true\" class=\"bio bio-bio-arrow-right\"><\/i>\t\t\t\t\t\t<\/span>\n\t\t\t\t\t\t\t\t\t\t<span class=\"elementor-icon-list-text\">Keyword-Recherche<\/span>\n\t\t\t\t\t\t\t\t\t<\/li>\n\t\t\t\t\t\t<\/ul>\n\t\t\t\t\t\t<\/div>\n\t\t\t\t<\/div>\n\t\t\t\t<div class=\"elementor-element elementor-element-5d9eb120 elementor-widget elementor-widget-heading\" data-id=\"5d9eb120\" data-element_type=\"widget\" data-widget_type=\"heading.default\">\n\t\t\t\t<div class=\"elementor-widget-container\">\n\t\t\t\t\t<h3 class=\"elementor-heading-title elementor-size-default\">Deine Qualifikationen<\/h3>\t\t\t\t<\/div>\n\t\t\t\t<\/div>\n\t\t\t\t<div class=\"elementor-element elementor-element-37850144 bio-icon-oben elementor-icon-list--layout-traditional elementor-list-item-link-full_width elementor-widget elementor-widget-icon-list\" data-id=\"37850144\" data-element_type=\"widget\" data-widget_type=\"icon-list.default\">\n\t\t\t\t<div class=\"elementor-widget-container\">\n\t\t\t\t\t\t\t<ul class=\"elementor-icon-list-items\">\n\t\t\t\t\t\t\t<li class=\"elementor-icon-list-item\">\n\t\t\t\t\t\t\t\t\t\t\t<span class=\"elementor-icon-list-icon\">\n\t\t\t\t\t\t\t<i aria-hidden=\"true\" class=\"bio bio-bio-arrow-right\"><\/i>\t\t\t\t\t\t<\/span>\n\t\t\t\t\t\t\t\t\t\t<span class=\"elementor-icon-list-text\">Du bist an einer Hochschule eingeschrieben, sprachliche F\u00e4cher (Deutsch) oder Marketing sind hilfreich, aber kein Muss<\/span>\n\t\t\t\t\t\t\t\t\t<\/li>\n\t\t\t\t\t\t\t\t<li class=\"elementor-icon-list-item\">\n\t\t\t\t\t\t\t\t\t\t\t<span class=\"elementor-icon-list-icon\">\n\t\t\t\t\t\t\t<i aria-hidden=\"true\" class=\"bio bio-bio-arrow-right\"><\/i>\t\t\t\t\t\t<\/span>\n\t\t\t\t\t\t\t\t\t\t<span class=\"elementor-icon-list-text\">Sprachgef\u00fchl, Schreibst\u00e4rke und eine kreative Ader<\/span>\n\t\t\t\t\t\t\t\t\t<\/li>\n\t\t\t\t\t\t\t\t<li class=\"elementor-icon-list-item\">\n\t\t\t\t\t\t\t\t\t\t\t<span class=\"elementor-icon-list-icon\">\n\t\t\t\t\t\t\t<i aria-hidden=\"true\" class=\"bio bio-bio-arrow-right\"><\/i>\t\t\t\t\t\t<\/span>\n\t\t\t\t\t\t\t\t\t\t<span class=\"elementor-icon-list-text\">Top Deutschkenntnisse in Wort und Schrift<\/span>\n\t\t\t\t\t\t\t\t\t<\/li>\n\t\t\t\t\t\t\t\t<li class=\"elementor-icon-list-item\">\n\t\t\t\t\t\t\t\t\t\t\t<span class=\"elementor-icon-list-icon\">\n\t\t\t\t\t\t\t<i aria-hidden=\"true\" class=\"bio bio-bio-arrow-right\"><\/i>\t\t\t\t\t\t<\/span>\n\t\t\t\t\t\t\t\t\t\t<span class=\"elementor-icon-list-text\">Exzellente Kenntnisse in Orthografie und Zeichensetzung<\/span>\n\t\t\t\t\t\t\t\t\t<\/li>\n\t\t\t\t\t\t\t\t<li class=\"elementor-icon-list-item\">\n\t\t\t\t\t\t\t\t\t\t\t<span class=\"elementor-icon-list-icon\">\n\t\t\t\t\t\t\t<i aria-hidden=\"true\" class=\"bio bio-bio-arrow-right\"><\/i>\t\t\t\t\t\t<\/span>\n\t\t\t\t\t\t\t\t\t\t<span class=\"elementor-icon-list-text\">Eine strukturierte Arbeitsweise<\/span>\n\t\t\t\t\t\t\t\t\t<\/li>\n\t\t\t\t\t\t\t\t<li class=\"elementor-icon-list-item\">\n\t\t\t\t\t\t\t\t\t\t\t<span class=\"elementor-icon-list-icon\">\n\t\t\t\t\t\t\t<i aria-hidden=\"true\" class=\"bio bio-bio-arrow-right\"><\/i>\t\t\t\t\t\t<\/span>\n\t\t\t\t\t\t\t\t\t\t<span class=\"elementor-icon-list-text\">Freude an Teamwork<\/span>\n\t\t\t\t\t\t\t\t\t<\/li>\n\t\t\t\t\t\t\t\t<li class=\"elementor-icon-list-item\">\n\t\t\t\t\t\t\t\t\t\t\t<span class=\"elementor-icon-list-icon\">\n\t\t\t\t\t\t\t<i aria-hidden=\"true\" class=\"bio bio-bio-arrow-right\"><\/i>\t\t\t\t\t\t<\/span>\n\t\t\t\t\t\t\t\t\t\t<span class=\"elementor-icon-list-text\">SEO-Vorerfahrungen sind w\u00fcnschenswert<\/span>\n\t\t\t\t\t\t\t\t\t<\/li>\n\t\t\t\t\t\t<\/ul>\n\t\t\t\t\t\t<\/div>\n\t\t\t\t<\/div>\n\t\t\t\t<div class=\"elementor-element elementor-element-7b108c74 elementor-widget elementor-widget-heading\" data-id=\"7b108c74\" data-element_type=\"widget\" data-widget_type=\"heading.default\">\n\t\t\t\t<div class=\"elementor-widget-container\">\n\t\t\t\t\t<h3 class=\"elementor-heading-title elementor-size-default\">Our benefits<\/h3>\t\t\t\t<\/div>\n\t\t\t\t<\/div>\n\t\t\t\t<div class=\"elementor-element elementor-element-7844004b bio-icon-oben elementor-icon-list--layout-traditional elementor-list-item-link-full_width elementor-widget elementor-widget-icon-list\" data-id=\"7844004b\" data-element_type=\"widget\" data-widget_type=\"icon-list.default\">\n\t\t\t\t<div class=\"elementor-widget-container\">\n\t\t\t\t\t\t\t<ul class=\"elementor-icon-list-items\">\n\t\t\t\t\t\t\t<li class=\"elementor-icon-list-item\">\n\t\t\t\t\t\t\t\t\t\t\t<span class=\"elementor-icon-list-icon\">\n\t\t\t\t\t\t\t<i aria-hidden=\"true\" class=\"bio bio-bio-arrow-right\"><\/i>\t\t\t\t\t\t<\/span>\n\t\t\t\t\t\t\t\t\t\t<span class=\"elementor-icon-list-text\">Arbeiten in einer durchweg nachhaltigen Organisation<\/span>\n\t\t\t\t\t\t\t\t\t<\/li>\n\t\t\t\t\t\t\t\t<li class=\"elementor-icon-list-item\">\n\t\t\t\t\t\t\t\t\t\t\t<span class=\"elementor-icon-list-icon\">\n\t\t\t\t\t\t\t<i aria-hidden=\"true\" class=\"bio bio-bio-arrow-right\"><\/i>\t\t\t\t\t\t<\/span>\n\t\t\t\t\t\t\t\t\t\t<span class=\"elementor-icon-list-text\">Kurze Entscheidungswege und ein kollegiales, kompetentes und dynamisches Team<\/span>\n\t\t\t\t\t\t\t\t\t<\/li>\n\t\t\t\t\t\t\t\t<li class=\"elementor-icon-list-item\">\n\t\t\t\t\t\t\t\t\t\t\t<span class=\"elementor-icon-list-icon\">\n\t\t\t\t\t\t\t<i aria-hidden=\"true\" class=\"bio bio-bio-arrow-right\"><\/i>\t\t\t\t\t\t<\/span>\n\t\t\t\t\t\t\t\t\t\t<span class=\"elementor-icon-list-text\">Home-Office nach Einarbeitung m\u00f6glich<\/span>\n\t\t\t\t\t\t\t\t\t<\/li>\n\t\t\t\t\t\t\t\t<li class=\"elementor-icon-list-item\">\n\t\t\t\t\t\t\t\t\t\t\t<span class=\"elementor-icon-list-icon\">\n\t\t\t\t\t\t\t<i aria-hidden=\"true\" class=\"bio bio-bio-arrow-right\"><\/i>\t\t\t\t\t\t<\/span>\n\t\t\t\t\t\t\t\t\t\t<span class=\"elementor-icon-list-text\">Attraktive Zusatzleistungen wie kostenlose Parkpl\u00e4tze, Firmenfitness, Mitarbeiterrabatt in unseren Shops und Firmenevents wie Kohl- und Spargeltour uvm.<\/span>\n\t\t\t\t\t\t\t\t\t<\/li>\n\t\t\t\t\t\t\t\t<li class=\"elementor-icon-list-item\">\n\t\t\t\t\t\t\t\t\t\t\t<span class=\"elementor-icon-list-icon\">\n\t\t\t\t\t\t\t<i aria-hidden=\"true\" class=\"bio bio-bio-arrow-right\"><\/i>\t\t\t\t\t\t<\/span>\n\t\t\t\t\t\t\t\t\t\t<span class=\"elementor-icon-list-text\">Gro\u00dfe \u00dcbernahmechance bei guten Leistungen<\/span>\n\t\t\t\t\t\t\t\t\t<\/li>\n\t\t\t\t\t\t<\/ul>\n\t\t\t\t\t\t<\/div>\n\t\t\t\t<\/div>\n\t\t\t\t<div class=\"elementor-element elementor-element-4a6d9 elementor-widget elementor-widget-text-editor\" data-id=\"4a6d9\" data-element_type=\"widget\" data-widget_type=\"text-editor.default\">\n\t\t\t\t<div class=\"elementor-widget-container\">\n\t\t\t\t\t\t\t\t\t<p>Hast du Interesse? Dann freuen wir uns \u00fcber deinen Lebenslauf und idealerweise ein Anschreiben, damit wir schon etwas \u00fcber deine schriftlichen Skills erfahren k\u00f6nnen.<br \/>Du erreichst uns \u00fcber<a href=\"mailto:personal@bionatic.com\"> personal@bionatic.com<\/a>.<\/p>\t\t\t\t\t\t\t\t<\/div>\n\t\t\t\t<\/div>\n\t\t\t\t<div class=\"elementor-element elementor-element-7d89e8bc elementor-widget elementor-widget-button\" data-id=\"7d89e8bc\" data-element_type=\"widget\" data-widget_type=\"button.default\">\n\t\t\t\t<div class=\"elementor-widget-container\">\n\t\t\t\t\t\t\t\t\t<div class=\"elementor-button-wrapper\">\n\t\t\t\t\t<a class=\"elementor-button elementor-button-link elementor-size-sm\" href=\"https:\/\/bionatic.com\/en\/karriere\/\">\n\t\t\t\t\t\t<span class=\"elementor-button-content-wrapper\">\n\t\t\t\t\t\t<span class=\"elementor-button-icon\">\n\t\t\t\t<i aria-hidden=\"true\" class=\"bio bio-bio-arrow-left\"><\/i>\t\t\t<\/span>\n\t\t\t\t\t\t\t\t\t<span class=\"elementor-button-text\">Back<\/span>\n\t\t\t\t\t<\/span>\n\t\t\t\t\t<\/a>\n\t\t\t\t<\/div>\n\t\t\t\t\t\t\t\t<\/div>\n\t\t\t\t<\/div>\n\t\t\t\t\t<\/div>\n\t\t\t\t<\/div>\n\t\t\t\t<\/div>","protected":false},"excerpt":{"rendered":"<p>Werkstudent (m\/w\/d) SEO Schreiben, schreiben, schreiben! So h\u00f6rt sich dein Traum-Studi-Job an? Dann lies weiter! Du studierst Germanistik, Kommunikations- und Medienwissenschaften, Marketing oder \u00c4hnliches und hast Spa\u00df an allem, was mit Texten und Sprache zu tun hat? Wir suchen eine\/n Werkstudentin\/en (m\/w\/d) f\u00fcr unser SEO-Team f\u00fcr 15-20 Wochenstunden. Du solltest Spa\u00df daran haben, Texte zu [&hellip;]<\/p>","protected":false},"author":8,"featured_media":0,"parent":23003,"menu_order":0,"comment_status":"closed","ping_status":"closed","template":"","meta":{"inline_featured_image":false,"footnotes":""},"tags":[17],"class_list":["post-24767","page","type-page","status-publish","hentry","tag-job"],"yoast_head":"<!-- This site is optimized with the Yoast SEO plugin v25.5 - https:\/\/yoast.com\/wordpress\/plugins\/seo\/ -->\n<title>Werkstudent (m\/w\/d) SEO - Bionatic<\/title>\n<meta name=\"robots\" content=\"index, follow, max-snippet:-1, max-image-preview:large, max-video-preview:-1\" \/>\n<link rel=\"canonical\" href=\"https:\/\/bionatic.com\/en\/karriere\/werkstudent-m-w-d-seo\/\" \/>\n<script type=\"application\/ld+json\" class=\"yoast-schema-graph\">{\"@context\":\"https:\/\/schema.org\",\"@graph\":[{\"@type\":\"WebPage\",\"@id\":\"https:\/\/bionatic.com\/karriere\/werkstudent-m-w-d-seo\/\",\"url\":\"https:\/\/bionatic.com\/karriere\/werkstudent-m-w-d-seo\/\",\"name\":\"Werkstudent (m\/w\/d) SEO - Bionatic\",\"isPartOf\":{\"@id\":\"https:\/\/bionatic.com\/#website\"},\"datePublished\":\"2026-03-06T11:53:43+00:00\",\"dateModified\":\"2026-03-06T11:58:25+00:00\",\"breadcrumb\":{\"@id\":\"https:\/\/bionatic.com\/karriere\/werkstudent-m-w-d-seo\/#breadcrumb\"},\"inLanguage\":\"en-GB\",\"potentialAction\":[{\"@type\":\"ReadAction\",\"target\":[\"https:\/\/bionatic.com\/karriere\/werkstudent-m-w-d-seo\/\"]}]},{\"@type\":\"BreadcrumbList\",\"@id\":\"https:\/\/bionatic.com\/karriere\/werkstudent-m-w-d-seo\/#breadcrumb\",\"itemListElement\":[{\"@type\":\"ListItem\",\"position\":1,\"name\":\"Startseite\",\"item\":\"https:\/\/bionatic.com\/\"},{\"@type\":\"ListItem\",\"position\":2,\"name\":\"Karriere\",\"item\":\"https:\/\/bionatic.com\/karriere\/\"},{\"@type\":\"ListItem\",\"position\":3,\"name\":\"Werkstudent (m\/w\/d) SEO\"}]},{\"@type\":\"WebSite\",\"@id\":\"https:\/\/bionatic.com\/#website\",\"url\":\"https:\/\/bionatic.com\/\",\"name\":\"Bionatic\",\"description\":\"Die Gr\u00fcne Gruppe\",\"publisher\":{\"@id\":\"https:\/\/bionatic.com\/#organization\"},\"potentialAction\":[{\"@type\":\"SearchAction\",\"target\":{\"@type\":\"EntryPoint\",\"urlTemplate\":\"https:\/\/bionatic.com\/?s={search_term_string}\"},\"query-input\":{\"@type\":\"PropertyValueSpecification\",\"valueRequired\":true,\"valueName\":\"search_term_string\"}}],\"inLanguage\":\"en-GB\"},{\"@type\":\"Organization\",\"@id\":\"https:\/\/bionatic.com\/#organization\",\"name\":\"Bionatic GmbH & Co. KG\",\"url\":\"https:\/\/bionatic.com\/\",\"logo\":{\"@type\":\"ImageObject\",\"inLanguage\":\"en-GB\",\"@id\":\"https:\/\/bionatic.com\/#\/schema\/logo\/image\/\",\"url\":\"http:\/\/510873897.swh.strato-hosting.eu\/bionatic-com-wp-2021\/wp-content\/uploads\/2018\/09\/logo164\u00d754.png\",\"contentUrl\":\"http:\/\/510873897.swh.strato-hosting.eu\/bionatic-com-wp-2021\/wp-content\/uploads\/2018\/09\/logo164\u00d754.png\",\"width\":164,\"height\":45,\"caption\":\"Bionatic GmbH & Co. KG\"},\"image\":{\"@id\":\"https:\/\/bionatic.com\/#\/schema\/logo\/image\/\"}}]}<\/script>\n<!-- \/ Yoast SEO plugin. -->","yoast_head_json":{"title":"Werkstudent (m\/w\/d) SEO - Bionatic","robots":{"index":"index","follow":"follow","max-snippet":"max-snippet:-1","max-image-preview":"max-image-preview:large","max-video-preview":"max-video-preview:-1"},"canonical":"https:\/\/bionatic.com\/en\/karriere\/werkstudent-m-w-d-seo\/","schema":{"@context":"https:\/\/schema.org","@graph":[{"@type":"WebPage","@id":"https:\/\/bionatic.com\/karriere\/werkstudent-m-w-d-seo\/","url":"https:\/\/bionatic.com\/karriere\/werkstudent-m-w-d-seo\/","name":"Werkstudent (m\/w\/d) SEO - Bionatic","isPartOf":{"@id":"https:\/\/bionatic.com\/#website"},"datePublished":"2026-03-06T11:53:43+00:00","dateModified":"2026-03-06T11:58:25+00:00","breadcrumb":{"@id":"https:\/\/bionatic.com\/karriere\/werkstudent-m-w-d-seo\/#breadcrumb"},"inLanguage":"en-GB","potentialAction":[{"@type":"ReadAction","target":["https:\/\/bionatic.com\/karriere\/werkstudent-m-w-d-seo\/"]}]},{"@type":"BreadcrumbList","@id":"https:\/\/bionatic.com\/karriere\/werkstudent-m-w-d-seo\/#breadcrumb","itemListElement":[{"@type":"ListItem","position":1,"name":"Startseite","item":"https:\/\/bionatic.com\/"},{"@type":"ListItem","position":2,"name":"Karriere","item":"https:\/\/bionatic.com\/karriere\/"},{"@type":"ListItem","position":3,"name":"Werkstudent (m\/w\/d) SEO"}]},{"@type":"WebSite","@id":"https:\/\/bionatic.com\/#website","url":"https:\/\/bionatic.com\/","name":"Bionatic","description":"Die Gr\u00fcne Gruppe","publisher":{"@id":"https:\/\/bionatic.com\/#organization"},"potentialAction":[{"@type":"SearchAction","target":{"@type":"EntryPoint","urlTemplate":"https:\/\/bionatic.com\/?s={search_term_string}"},"query-input":{"@type":"PropertyValueSpecification","valueRequired":true,"valueName":"search_term_string"}}],"inLanguage":"en-GB"},{"@type":"Organization","@id":"https:\/\/bionatic.com\/#organization","name":"Bionatic GmbH & Co. KG","url":"https:\/\/bionatic.com\/","logo":{"@type":"ImageObject","inLanguage":"en-GB","@id":"https:\/\/bionatic.com\/#\/schema\/logo\/image\/","url":"http:\/\/510873897.swh.strato-hosting.eu\/bionatic-com-wp-2021\/wp-content\/uploads\/2018\/09\/logo164\u00d754.png","contentUrl":"http:\/\/510873897.swh.strato-hosting.eu\/bionatic-com-wp-2021\/wp-content\/uploads\/2018\/09\/logo164\u00d754.png","width":164,"height":45,"caption":"Bionatic GmbH & Co. KG"},"image":{"@id":"https:\/\/bionatic.com\/#\/schema\/logo\/image\/"}}]}},"_links":{"self":[{"href":"https:\/\/bionatic.com\/en\/wp-json\/wp\/v2\/pages\/24767","targetHints":{"allow":["GET"]}}],"collection":[{"href":"https:\/\/bionatic.com\/en\/wp-json\/wp\/v2\/pages"}],"about":[{"href":"https:\/\/bionatic.com\/en\/wp-json\/wp\/v2\/types\/page"}],"author":[{"embeddable":true,"href":"https:\/\/bionatic.com\/en\/wp-json\/wp\/v2\/users\/8"}],"replies":[{"embeddable":true,"href":"https:\/\/bionatic.com\/en\/wp-json\/wp\/v2\/comments?post=24767"}],"version-history":[{"count":0,"href":"https:\/\/bionatic.com\/en\/wp-json\/wp\/v2\/pages\/24767\/revisions"}],"up":[{"embeddable":true,"href":"https:\/\/bionatic.com\/en\/wp-json\/wp\/v2\/pages\/23003"}],"wp:attachment":[{"href":"https:\/\/bionatic.com\/en\/wp-json\/wp\/v2\/media?parent=24767"}],"wp:term":[{"taxonomy":"post_tag","embeddable":true,"href":"https:\/\/bionatic.com\/en\/wp-json\/wp\/v2\/tags?post=24767"}],"curies":[{"name":"wp","href":"https:\/\/api.w.org\/{rel}","templated":true}]}}