{"id":24584,"date":"2025-09-19T06:56:45","date_gmt":"2025-09-19T06:56:45","guid":{"rendered":"https:\/\/bionatic.com\/?page_id=24584"},"modified":"2025-09-19T07:00:58","modified_gmt":"2025-09-19T07:00:58","slug":"barrierefreiheitserklaerung","status":"publish","type":"page","link":"https:\/\/bionatic.com\/en\/barrierefreiheitserklaerung\/","title":{"rendered":"Accessibility Statement"},"content":{"rendered":"<div data-elementor-type=\"wp-page\" data-elementor-id=\"24584\" class=\"elementor elementor-24584\" data-elementor-post-type=\"page\">\n\t\t\t\t<div class=\"elementor-element elementor-element-d0bb5bd e-con-full e-flex e-con e-parent\" data-id=\"d0bb5bd\" data-element_type=\"container\" data-settings=\"{&quot;background_background&quot;:&quot;classic&quot;}\">\n\t\t\t\t<div class=\"elementor-element elementor-element-b046f7a bio-txt-shadow elementor-widget elementor-widget-heading\" data-id=\"b046f7a\" data-element_type=\"widget\" data-widget_type=\"heading.default\">\n\t\t\t\t<div class=\"elementor-widget-container\">\n\t\t\t\t\t<h1 class=\"elementor-heading-title elementor-size-default\">Erkl\u00e4rung zur Barrierefreiheit<\/h1>\t\t\t\t<\/div>\n\t\t\t\t<\/div>\n\t\t\t\t<\/div>\n\t\t<div class=\"elementor-element elementor-element-90082a3 e-flex e-con-boxed e-con e-parent\" data-id=\"90082a3\" data-element_type=\"container\">\n\t\t\t\t\t<div class=\"e-con-inner\">\n\t\t\t\t<div class=\"elementor-element elementor-element-33043d3 elementor-widget elementor-widget-text-editor\" data-id=\"33043d3\" data-element_type=\"widget\" data-widget_type=\"text-editor.default\">\n\t\t\t\t<div class=\"elementor-widget-container\">\n\t\t\t\t\t\t\t\t\t<p>Im Rahmen unserer Barrierefreiheitserkl\u00e4rung m\u00f6chten wir Ihnen einen \u00dcberblick \u00fcber den Stand der Vereinbarkeit der unten beschriebenen Dienstleistung(en) mit den Anforderungen der Barrierefreiheit nach gesetzlichen Vorschriften (insbesondere mit dem Barrierefreiheitsst\u00e4rkungsgesetz \u2013 BFSG) geben.<\/p><h2>Angaben zum Dienstleistungserbringer<\/h2><p>Bionatic GmbH &amp; Co. KG<br \/>Schwachhauser Heerstr. 266b<br \/>28359 Bremen<br \/>Bremen<\/p><h2>Allgemeine Beschreibung der Dienstleistung<\/h2><p>Die vorliegende Barrierefreiheitserkl\u00e4rung bezieht sich auf die Dienstleistungen der Bionatic GmbH &amp; Co. KG, speziell auf die Bereiche Handel, E-Commerce Services sowie Logistik &amp; Fulfillment. Die Bionatic GmbH &amp; Co. KG fungiert als Mutterkonzern.<\/p><h2>Erl\u00e4uterungen zur Durchf\u00fchrung der Dienstleistung<\/h2><p>Tochterfirmen der Bionatic GmbH &amp; Co. KG besch\u00e4ftigen sich mit <br \/>&#8211; Analyse und Planung: Aufnahme der Anforderungen eines Kunden im E-Commerce, Fulfillment oder Logistikbereich, Einrichtung geeigneter Prozesse zur Lagerung, Kommissionierung, Versand und R\u00fccksendung.<br \/>&#8211; Betrieb &amp; Logistik: Durchf\u00fchrung aller logistischen Abl\u00e4ufe, Lagerung von Produkten im Logistikzentrum Bremen, Kommissionierung, Verpackung, Versand an private oder gewerbliche Endkunden sowohl innerhalb Europas als auch international.<br \/>&#8211; E-Commerce Services: Einrichtung und Pflege der Online-Shops, Integration in Marktpl\u00e4tze, Pflege von Produktdaten, Bestandsverwaltung und Verhalten in Handel B2B &amp; D2C.<br \/>&#8211; Nachhaltigkeit &amp; Qualit\u00e4t: Beachtung von Umweltauflagen bei Verpackung und Logistik, Qualit\u00e4tskontrollen, Zertifizierungen, kontinuierliche Verbesserung der Prozesse.<br \/>&#8211; Kundenservice &amp; Support: Begleitung der Kunden durch Schulung, Beratung sowie operative Unterst\u00fctzung. Die Dienstleistung wird \u00fcberwiegend digital\/remote angeboten, teils vor Ort, je nach Bedarf und Lage der Kunden und der jeweiligen Aufgabe.<\/p><h2>Stand der Vereinbarkeit mit den Anforderungen<\/h2><p>Die oben genannte Dienstleistung ist teilweise mit dem Barrierefreiheitsst\u00e4rkungsgesetz (BFSG) vereinbar.<\/p><p>Folgende Teile\/Inhalte\/Funktionen der Dienstleistung sind nicht barrierefrei:<\/p><p>&#8211; Einige Bilder haben keinen beschreibenden Alternativtext. Menschen mit Sehbehinderung erfahren dadurch nicht, was auf dem Bild zu sehen ist.<br \/>&#8211; Einige Touch-Ziele (z.\u202fB. Buttons) sind zu klein. Besonders auf dem Handy kann man sie dadurch schlecht bedienen.<br \/>&#8211; Unsere PDF-Dateien sind teilweise nicht barrierefrei. Sie lassen sich nicht vollst\u00e4ndig mit Hilfstechnologien nutzen.<br \/>&#8211; Die Flyout-Navigation ist derzeit nicht vollst\u00e4ndig per Tastatur bedienbar. Nutzer k\u00f6nnen nicht alle Men\u00fceintr\u00e4ge mit der Tabulatortaste erreichen.<\/p><h3>Nicht barrierefreie Teile der Dienstleistung &#8211; Umsetzungsfristen<\/h3><p>Die Behebung dieser Probleme ist in Arbeit und wird voraussichtlich bis Ende 2025 abgeschlossen sein.<\/p><h2>Erstellung der Barrierefreiheitserkl\u00e4rung<\/h2><p>Datum der Erstellung der Barrierefreiheitserkl\u00e4rung: 19.09.2025<br \/>Datum der letzten \u00dcberpr\u00fcfung der o. g. Leistungen hinsichtlich der Anforderungen zur Barrierefreiheit: 18.09.2025<\/p><h2>Einsch\u00e4tzung zum Stand der Barrierefreiheit<\/h2><p>Die Einsch\u00e4tzung zum Stand der Barrierefreiheit beruht auf unserer Selbsteinsch\u00e4tzung.<\/p><h2>Feedbackm\u00f6glichkeit und Kontaktangaben<\/h2><p>Adresse:<br \/>Bionatic GmbH &amp; Co. KG<br \/>Schwachhauser Heerstr. 266b<br \/>28359 Bremen<\/p><p>E-Mail: info@bionatic.com<\/p><p>Phone: +49 (0)421 \/ 246 87 87 0<\/p><p>Link zur Website: <a href=\"https:\/\/bionatic.com\/en\/\">https:\/\/bionatic.com\/<\/a><\/p><h2>Zust\u00e4ndige Markt\u00fcberwachungsbeh\u00f6rde<\/h2><p>Markt\u00fcberwachungsstelle der L\u00e4nder f\u00fcr die Barrierefreiheit von Produkten und Dienstleistungen (MLBF)<\/p><p>Telefon: + 49 (0) 391 567 6970<br \/>E-Mail: mlbf@ms.sachsen-anhalt.de<\/p><p>Informationen zur aktuellen Adresse des MLBF finden Sie hier: <a href=\"https:\/\/ms.sachsen-anhalt.de\/themen\/menschen-mit-behinderungen\/aktuelles\/marktueberwachungsstelle-der-laender-fuer-die-barrierefreiheit-von-produkten-und-dienstleistungen\" target=\"_blank\" rel=\"noopener noreferrer\">https:\/\/ms.sachsen-anhalt.de\/themen\/menschen-mit-behinderungen\/aktuelles\/marktueberwachungsstelle-der-laender-fuer-die-barrierefreiheit-von-produkten-und-dienstleistungen<\/a>.<\/p>\t\t\t\t\t\t\t\t<\/div>\n\t\t\t\t<\/div>\n\t\t\t\t\t<\/div>\n\t\t\t\t<\/div>\n\t\t\t\t<\/div>","protected":false},"excerpt":{"rendered":"<p>Erkl\u00e4rung zur Barrierefreiheit Im Rahmen unserer Barrierefreiheitserkl\u00e4rung m\u00f6chten wir Ihnen einen \u00dcberblick \u00fcber den Stand der Vereinbarkeit der unten beschriebenen Dienstleistung(en) mit den Anforderungen der Barrierefreiheit nach gesetzlichen Vorschriften (insbesondere mit dem Barrierefreiheitsst\u00e4rkungsgesetz \u2013 BFSG) geben. Angaben zum Dienstleistungserbringer Bionatic GmbH &amp; Co. KGSchwachhauser Heerstr. 266b28359 BremenBremen Allgemeine Beschreibung der Dienstleistung Die vorliegende Barrierefreiheitserkl\u00e4rung bezieht [&hellip;]<\/p>","protected":false},"author":8,"featured_media":0,"parent":0,"menu_order":0,"comment_status":"closed","ping_status":"closed","template":"","meta":{"inline_featured_image":false,"footnotes":""},"tags":[],"class_list":["post-24584","page","type-page","status-publish","hentry"],"yoast_head":"<!-- This site is optimized with the Yoast SEO plugin v25.5 - https:\/\/yoast.com\/wordpress\/plugins\/seo\/ -->\n<title>Barrierefreiheitserkl\u00e4rung von Bionatic - Jetzt informieren<\/title>\n<meta name=\"description\" content=\"Erfahren Sie mehr \u00fcber die Barrierefreiheit unserer Dienstleistungen. Informieren Sie sich \u00fcber die gesetzlichen Anforderungen und unsere Ma\u00dfnahmen.\" \/>\n<meta name=\"robots\" content=\"index, follow, max-snippet:-1, max-image-preview:large, max-video-preview:-1\" \/>\n<link rel=\"canonical\" href=\"https:\/\/bionatic.com\/en\/barrierefreiheitserklaerung\/\" \/>\n<script type=\"application\/ld+json\" class=\"yoast-schema-graph\">{\"@context\":\"https:\/\/schema.org\",\"@graph\":[{\"@type\":\"WebPage\",\"@id\":\"https:\/\/bionatic.com\/barrierefreiheitserklaerung\/\",\"url\":\"https:\/\/bionatic.com\/barrierefreiheitserklaerung\/\",\"name\":\"Barrierefreiheitserkl\u00e4rung von Bionatic - Jetzt informieren\",\"isPartOf\":{\"@id\":\"https:\/\/bionatic.com\/#website\"},\"datePublished\":\"2025-09-19T06:56:45+00:00\",\"dateModified\":\"2025-09-19T07:00:58+00:00\",\"description\":\"Erfahren Sie mehr \u00fcber die Barrierefreiheit unserer Dienstleistungen. Informieren Sie sich \u00fcber die gesetzlichen Anforderungen und unsere Ma\u00dfnahmen.\",\"breadcrumb\":{\"@id\":\"https:\/\/bionatic.com\/barrierefreiheitserklaerung\/#breadcrumb\"},\"inLanguage\":\"en-GB\",\"potentialAction\":[{\"@type\":\"ReadAction\",\"target\":[\"https:\/\/bionatic.com\/barrierefreiheitserklaerung\/\"]}]},{\"@type\":\"BreadcrumbList\",\"@id\":\"https:\/\/bionatic.com\/barrierefreiheitserklaerung\/#breadcrumb\",\"itemListElement\":[{\"@type\":\"ListItem\",\"position\":1,\"name\":\"Startseite\",\"item\":\"https:\/\/bionatic.com\/\"},{\"@type\":\"ListItem\",\"position\":2,\"name\":\"Barrierefreiheitserkl\u00e4rung\"}]},{\"@type\":\"WebSite\",\"@id\":\"https:\/\/bionatic.com\/#website\",\"url\":\"https:\/\/bionatic.com\/\",\"name\":\"Bionatic\",\"description\":\"Die Gr\u00fcne Gruppe\",\"publisher\":{\"@id\":\"https:\/\/bionatic.com\/#organization\"},\"potentialAction\":[{\"@type\":\"SearchAction\",\"target\":{\"@type\":\"EntryPoint\",\"urlTemplate\":\"https:\/\/bionatic.com\/?s={search_term_string}\"},\"query-input\":{\"@type\":\"PropertyValueSpecification\",\"valueRequired\":true,\"valueName\":\"search_term_string\"}}],\"inLanguage\":\"en-GB\"},{\"@type\":\"Organization\",\"@id\":\"https:\/\/bionatic.com\/#organization\",\"name\":\"Bionatic GmbH & Co. KG\",\"url\":\"https:\/\/bionatic.com\/\",\"logo\":{\"@type\":\"ImageObject\",\"inLanguage\":\"en-GB\",\"@id\":\"https:\/\/bionatic.com\/#\/schema\/logo\/image\/\",\"url\":\"http:\/\/510873897.swh.strato-hosting.eu\/bionatic-com-wp-2021\/wp-content\/uploads\/2018\/09\/logo164\u00d754.png\",\"contentUrl\":\"http:\/\/510873897.swh.strato-hosting.eu\/bionatic-com-wp-2021\/wp-content\/uploads\/2018\/09\/logo164\u00d754.png\",\"width\":164,\"height\":45,\"caption\":\"Bionatic GmbH & Co. KG\"},\"image\":{\"@id\":\"https:\/\/bionatic.com\/#\/schema\/logo\/image\/\"}}]}<\/script>\n<!-- \/ Yoast SEO plugin. -->","yoast_head_json":{"title":"Barrierefreiheitserkl\u00e4rung von Bionatic - Jetzt informieren","description":"Erfahren Sie mehr \u00fcber die Barrierefreiheit unserer Dienstleistungen. Informieren Sie sich \u00fcber die gesetzlichen Anforderungen und unsere Ma\u00dfnahmen.","robots":{"index":"index","follow":"follow","max-snippet":"max-snippet:-1","max-image-preview":"max-image-preview:large","max-video-preview":"max-video-preview:-1"},"canonical":"https:\/\/bionatic.com\/en\/barrierefreiheitserklaerung\/","schema":{"@context":"https:\/\/schema.org","@graph":[{"@type":"WebPage","@id":"https:\/\/bionatic.com\/barrierefreiheitserklaerung\/","url":"https:\/\/bionatic.com\/barrierefreiheitserklaerung\/","name":"Barrierefreiheitserkl\u00e4rung von Bionatic - Jetzt informieren","isPartOf":{"@id":"https:\/\/bionatic.com\/#website"},"datePublished":"2025-09-19T06:56:45+00:00","dateModified":"2025-09-19T07:00:58+00:00","description":"Erfahren Sie mehr \u00fcber die Barrierefreiheit unserer Dienstleistungen. Informieren Sie sich \u00fcber die gesetzlichen Anforderungen und unsere Ma\u00dfnahmen.","breadcrumb":{"@id":"https:\/\/bionatic.com\/barrierefreiheitserklaerung\/#breadcrumb"},"inLanguage":"en-GB","potentialAction":[{"@type":"ReadAction","target":["https:\/\/bionatic.com\/barrierefreiheitserklaerung\/"]}]},{"@type":"BreadcrumbList","@id":"https:\/\/bionatic.com\/barrierefreiheitserklaerung\/#breadcrumb","itemListElement":[{"@type":"ListItem","position":1,"name":"Startseite","item":"https:\/\/bionatic.com\/"},{"@type":"ListItem","position":2,"name":"Barrierefreiheitserkl\u00e4rung"}]},{"@type":"WebSite","@id":"https:\/\/bionatic.com\/#website","url":"https:\/\/bionatic.com\/","name":"Bionatic","description":"Die Gr\u00fcne Gruppe","publisher":{"@id":"https:\/\/bionatic.com\/#organization"},"potentialAction":[{"@type":"SearchAction","target":{"@type":"EntryPoint","urlTemplate":"https:\/\/bionatic.com\/?s={search_term_string}"},"query-input":{"@type":"PropertyValueSpecification","valueRequired":true,"valueName":"search_term_string"}}],"inLanguage":"en-GB"},{"@type":"Organization","@id":"https:\/\/bionatic.com\/#organization","name":"Bionatic GmbH & Co. KG","url":"https:\/\/bionatic.com\/","logo":{"@type":"ImageObject","inLanguage":"en-GB","@id":"https:\/\/bionatic.com\/#\/schema\/logo\/image\/","url":"http:\/\/510873897.swh.strato-hosting.eu\/bionatic-com-wp-2021\/wp-content\/uploads\/2018\/09\/logo164\u00d754.png","contentUrl":"http:\/\/510873897.swh.strato-hosting.eu\/bionatic-com-wp-2021\/wp-content\/uploads\/2018\/09\/logo164\u00d754.png","width":164,"height":45,"caption":"Bionatic GmbH & Co. KG"},"image":{"@id":"https:\/\/bionatic.com\/#\/schema\/logo\/image\/"}}]}},"_links":{"self":[{"href":"https:\/\/bionatic.com\/en\/wp-json\/wp\/v2\/pages\/24584","targetHints":{"allow":["GET"]}}],"collection":[{"href":"https:\/\/bionatic.com\/en\/wp-json\/wp\/v2\/pages"}],"about":[{"href":"https:\/\/bionatic.com\/en\/wp-json\/wp\/v2\/types\/page"}],"author":[{"embeddable":true,"href":"https:\/\/bionatic.com\/en\/wp-json\/wp\/v2\/users\/8"}],"replies":[{"embeddable":true,"href":"https:\/\/bionatic.com\/en\/wp-json\/wp\/v2\/comments?post=24584"}],"version-history":[{"count":0,"href":"https:\/\/bionatic.com\/en\/wp-json\/wp\/v2\/pages\/24584\/revisions"}],"wp:attachment":[{"href":"https:\/\/bionatic.com\/en\/wp-json\/wp\/v2\/media?parent=24584"}],"wp:term":[{"taxonomy":"post_tag","embeddable":true,"href":"https:\/\/bionatic.com\/en\/wp-json\/wp\/v2\/tags?post=24584"}],"curies":[{"name":"wp","href":"https:\/\/api.w.org\/{rel}","templated":true}]}}