{"id":24467,"date":"2025-06-18T11:35:26","date_gmt":"2025-06-18T11:35:26","guid":{"rendered":"https:\/\/bionatic.com\/?page_id=24467"},"modified":"2025-07-21T10:44:14","modified_gmt":"2025-07-21T10:44:14","slug":"e-commerce-services","status":"publish","type":"page","link":"https:\/\/bionatic.com\/en\/e-commerce-services\/","title":{"rendered":"E-Commerce Services"},"content":{"rendered":"<div data-elementor-type=\"wp-page\" data-elementor-id=\"24467\" class=\"elementor elementor-24467\" data-elementor-post-type=\"page\">\n\t\t\t\t<div class=\"elementor-element elementor-element-370e2965 e-con-full e-flex e-con e-parent\" data-id=\"370e2965\" data-element_type=\"container\" data-settings=\"{&quot;background_background&quot;:&quot;classic&quot;}\">\n\t\t\t\t<div class=\"elementor-element elementor-element-3c4143f4 bio-txt-shadow elementor-widget elementor-widget-heading\" data-id=\"3c4143f4\" data-element_type=\"widget\" data-widget_type=\"heading.default\">\n\t\t\t\t<div class=\"elementor-widget-container\">\n\t\t\t\t\t<h1 class=\"elementor-heading-title elementor-size-default\">E-Commerce Services<\/h1>\t\t\t\t<\/div>\n\t\t\t\t<\/div>\n\t\t\t\t<\/div>\n\t\t<div class=\"elementor-element elementor-element-1170d e-flex e-con-boxed e-con e-parent\" data-id=\"1170d\" data-element_type=\"container\" id=\"klimaneutralit\u00e4t\">\n\t\t\t\t\t<div class=\"e-con-inner\">\n\t\t\t\t<div class=\"elementor-element elementor-element-9da5826 elementor-view-default elementor-widget elementor-widget-icon\" data-id=\"9da5826\" data-element_type=\"widget\" data-widget_type=\"icon.default\">\n\t\t\t\t<div class=\"elementor-widget-container\">\n\t\t\t\t\t\t\t<div class=\"elementor-icon-wrapper\">\n\t\t\t<a class=\"elementor-icon\" href=\"https:\/\/ecoware.org\/\" target=\"_blank\">\n\t\t\t<svg xmlns=\"http:\/\/www.w3.org\/2000\/svg\" id=\"Ebene_1\" viewbox=\"0 0 253.5 32.3\"><defs><style>      .st0 {        fill: #00665e;      }      .st1 {        fill: #00a499;      }      .st2 {        fill: #a9a8a6;      }    <\/style><\/defs><path class=\"st0\" d=\"M253.4,18.7h-23.7c.4,1.9,1.4,3.5,3,4.6,1.6,1.1,3.6,1.7,5.9,1.7s3.1-.2,4.3-.7c1.3-.5,2.4-1.2,3.5-2.3l4.8,5.2c-2.9,3.4-7.2,5.1-12.9,5.1s-6.6-.7-9.4-2.1c-2.7-1.4-4.8-3.3-6.3-5.7-1.5-2.4-2.2-5.2-2.2-8.3s.7-5.8,2.2-8.3c1.5-2.5,3.4-4.4,6-5.8C231.3.7,234.1,0,237.3,0s5.8.7,8.3,2c2.5,1.3,4.4,3.2,5.8,5.7,1.4,2.5,2.1,5.3,2.1,8.6s0,.9-.2,2.4ZM232.2,8.6c-1.4,1.2-2.2,2.8-2.6,4.8h15.4c-.3-2-1.2-3.6-2.6-4.7-1.4-1.2-3.1-1.8-5.1-1.8s-3.8.6-5.2,1.7Z\"><\/path><path class=\"st0\" d=\"M45.3,30.1c-2.6-1.4-4.7-3.3-6.2-5.7-1.5-2.4-2.2-5.2-2.2-8.3s.7-5.8,2.2-8.3c1.5-2.4,3.5-4.3,6.2-5.7C48,.8,51,0,54.3,0s6.1.7,8.6,2.1c2.4,1.4,4.2,3.3,5.4,5.9l-7,3.8c-1.6-2.9-4-4.3-7-4.3s-4.3.8-5.8,2.3-2.3,3.6-2.3,6.3.8,4.8,2.3,6.3c1.5,1.5,3.5,2.3,5.8,2.3s5.4-1.4,7-4.3l7,3.8c-1.1,2.5-2.9,4.4-5.4,5.8-2.4,1.4-5.3,2.1-8.6,2.1s-6.3-.7-8.9-2.1Z\"><\/path><path class=\"st0\" d=\"M79,30.1c-2.6-1.4-4.6-3.3-6.1-5.7-1.5-2.4-2.2-5.2-2.2-8.3s.7-5.8,2.2-8.3c1.5-2.4,3.5-4.3,6.1-5.7,2.6-1.4,5.5-2.1,8.8-2.1s6.2.7,8.8,2.1c2.6,1.4,4.6,3.3,6.1,5.7,1.5,2.4,2.2,5.2,2.2,8.3s-.7,5.8-2.2,8.3c-1.5,2.4-3.5,4.3-6.1,5.7-2.6,1.4-5.5,2.1-8.8,2.1s-6.2-.7-8.8-2.1ZM93.5,22.4c1.5-1.6,2.2-3.7,2.2-6.3s-.7-4.7-2.2-6.3c-1.5-1.6-3.4-2.3-5.7-2.3s-4.2.8-5.7,2.3c-1.5,1.6-2.3,3.7-2.3,6.3s.8,4.7,2.3,6.3c1.5,1.6,3.4,2.3,5.7,2.3s4.2-.8,5.7-2.3Z\"><\/path><path class=\"st0\" d=\"M160,.6l-11.3,31.1h-8.7l-7-19.3-7.2,19.3h-8.7L105.9.6h8.5l7.3,21.1,7.6-21.1h7.6l7.4,21.1,7.6-21.1h8Z\"><\/path><path class=\"st0\" d=\"M186.8,3.5c2.6,2.3,3.9,5.8,3.9,10.4v17.8h-8.4v-3.9c-1.7,2.9-4.9,4.3-9.5,4.3s-4.5-.4-6.2-1.2c-1.8-.8-3.1-1.9-4-3.4-.9-1.4-1.4-3-1.4-4.9,0-2.9,1.1-5.2,3.3-6.8,2.2-1.7,5.5-2.5,10.1-2.5h7.2c0-2-.6-3.5-1.8-4.5-1.2-1.1-3-1.6-5.4-1.6s-3.3.3-4.9.8c-1.6.5-3,1.2-4.1,2.1l-3.2-6.3c1.7-1.2,3.7-2.1,6.1-2.8,2.4-.7,4.8-1,7.3-1,4.8,0,8.5,1.1,11.1,3.4ZM179.1,25c1.2-.7,2-1.8,2.5-3.2v-3.2h-6.2c-3.7,0-5.6,1.2-5.6,3.6s.5,2.1,1.4,2.7c.9.7,2.1,1,3.7,1s2.9-.4,4.1-1.1Z\"><\/path><path class=\"st0\" d=\"M211.8,1.3c1.8-.8,3.9-1.2,6.3-1.2v8.3c-1,0-1.7-.1-2-.1-2.6,0-4.6.7-6.1,2.2-1.5,1.4-2.2,3.6-2.2,6.5v14.7h-9V.6h8.6v4.1c1.1-1.5,2.5-2.6,4.4-3.4Z\"><\/path><g><g><path class=\"st2\" d=\"M23.2,21.8h0s0,0,0,0c0,0,0,0,0,0Z\"><\/path><path class=\"st1\" d=\"M17.6,31.3c-2.3.7-4.2.6-6,.2,1.8.5,3.8.8,6,.9,5.7,0,10-1.6,13-4.9l-7.4-5.6c0,.1,2.4,7.2-5.6,9.5Z\"><\/path><\/g><path class=\"st0\" d=\"M9.8,21.6c.6,1,.8,1.2,1.8,2,2.2,1.8,4.4,1.9,5.7,1.9.9,0,2.5-.6,3.7-1.3s1.8-1.7,2.3-2.4c0,0,2.5,7.2-5.6,9.5-3.9,1.1-6.6.2-9.3-1.2-2.7-1.4-4.8-3.4-6.2-5.8C.7,21.8,0,19,0,15.9c0-3.1.8-5.8,2.3-8.2,1.5-2.4,3.5-4.3,6.1-5.7C10.9.6,13.8,0,16.9,0c3.1,0,5.8.7,8.3,2.1,2.5,1.4,4.4,3.3,5.8,5.8,1.4,2.5,2.1,5.4,2,8.6,0,.1,0,.9-.2,2.4h-16.4s1.7,2.8,1.7,2.8h-3.8c0,0-3.6-5.7-3.6-5.7l3.6-5.4h3.7c0,0-1.7,2.8-1.7,2.8h8.2c-.2-1.4-1.3-3.4-2.7-4.6-1.4-1.2-2.9-1.9-4.9-1.9-2.1,0-3.7.5-5.1,1.7-.8.6-1.4,1.3-1.9,2-.5.7-3.2,5.4-3.2,5.4,0,0,2.6,5,3,5.6Z\"><\/path><\/g><\/svg>\t\t\t<\/a>\n\t\t<\/div>\n\t\t\t\t\t\t<\/div>\n\t\t\t\t<\/div>\n\t\t\t\t<div class=\"elementor-element elementor-element-378f11f elementor-widget elementor-widget-heading\" data-id=\"378f11f\" data-element_type=\"widget\" data-widget_type=\"heading.default\">\n\t\t\t\t<div class=\"elementor-widget-container\">\n\t\t\t\t\t<h2 class=\"elementor-heading-title elementor-size-default\">Smart &amp; Digital Fulfillment<\/h2>\t\t\t\t<\/div>\n\t\t\t\t<\/div>\n\t\t\t\t<div class=\"elementor-element elementor-element-796fd1b5 elementor-widget elementor-widget-text-editor\" data-id=\"796fd1b5\" data-element_type=\"widget\" data-widget_type=\"text-editor.default\">\n\t\t\t\t<div class=\"elementor-widget-container\">\n\t\t\t\t\t\t\t\t\t<p>Ecoreware offers\u00a0<b>E-Commerce-<\/b><b>as<\/b><b>-a-Service (<\/b><b>ECaaS<\/b><b>)\u00a0<\/b>and acts as your\u00a0<b>end-<\/b><b>to<\/b><b>-end e-commerce partner<\/b>\u00a0for\u00a0<b>warehousing, logistics, shipping,\u00a0<\/b>and\u00a0<b>marketplace management.<\/b>.\u00a0<\/p><p>With years of expertise in B2C e-commerce on platforms like <b>Amazon (FBA\/AFN, FBM\/MFN, Vendor), eBay, Metro, OTTO,<\/b>\u00a0and\u00a0<b>Kaufland,\u00a0<\/b>we help you distribute your products efficiently.<\/p><p>Many sellers face challenges such as order picking, automated listing creation, marketing (Amazon Ads, Coupons, A+ Content, Storefronts), labeling requirements, and international accounting. We take care of these tasks for you \u2014 fully customizable and scalable.<\/p><p>Whether you sell through marketplaces or your own online shop, we handle the entire process so you can fully focus on growing your business.<\/p>\t\t\t\t\t\t\t\t<\/div>\n\t\t\t\t<\/div>\n\t\t\t\t<div class=\"elementor-element elementor-element-24a5b1b elementor-widget elementor-widget-button\" data-id=\"24a5b1b\" data-element_type=\"widget\" data-widget_type=\"button.default\">\n\t\t\t\t<div class=\"elementor-widget-container\">\n\t\t\t\t\t\t\t\t\t<div class=\"elementor-button-wrapper\">\n\t\t\t\t\t<a class=\"elementor-button elementor-button-link elementor-size-sm\" href=\"https:\/\/ecoware.org\/\" target=\"_blank\">\n\t\t\t\t\t\t<span class=\"elementor-button-content-wrapper\">\n\t\t\t\t\t\t\t\t\t<span class=\"elementor-button-text\">More information about Ecoreware<\/span>\n\t\t\t\t\t<\/span>\n\t\t\t\t\t<\/a>\n\t\t\t\t<\/div>\n\t\t\t\t\t\t\t\t<\/div>\n\t\t\t\t<\/div>\n\t\t\t\t\t<\/div>\n\t\t\t\t<\/div>\n\t\t<div class=\"elementor-element elementor-element-d993634 e-flex e-con-boxed e-con e-parent\" data-id=\"d993634\" data-element_type=\"container\" data-settings=\"{&quot;background_background&quot;:&quot;classic&quot;}\">\n\t\t\t\t\t<div class=\"e-con-inner\">\n\t\t\t\t<div class=\"elementor-element elementor-element-7caa66e elementor-widget__width-inherit elementor-widget elementor-widget-heading\" data-id=\"7caa66e\" data-element_type=\"widget\" data-widget_type=\"heading.default\">\n\t\t\t\t<div class=\"elementor-widget-container\">\n\t\t\t\t\t<h2 class=\"elementor-heading-title elementor-size-default\">Marketplace integrations<\/h2>\t\t\t\t<\/div>\n\t\t\t\t<\/div>\n\t\t\t\t<div class=\"elementor-element elementor-element-62c81d8 elementor-skin-carousel elementor-arrows-yes elementor-widget elementor-widget-media-carousel\" data-id=\"62c81d8\" data-element_type=\"widget\" data-settings=\"{&quot;slides_per_view&quot;:&quot;4&quot;,&quot;slides_to_scroll&quot;:&quot;1&quot;,&quot;space_between&quot;:{&quot;unit&quot;:&quot;px&quot;,&quot;size&quot;:50,&quot;sizes&quot;:[]},&quot;slides_per_view_tablet&quot;:&quot;3&quot;,&quot;slides_per_view_mobile&quot;:&quot;2&quot;,&quot;space_between_tablet&quot;:{&quot;unit&quot;:&quot;px&quot;,&quot;size&quot;:50,&quot;sizes&quot;:[]},&quot;space_between_mobile&quot;:{&quot;unit&quot;:&quot;px&quot;,&quot;size&quot;:0,&quot;sizes&quot;:[]},&quot;skin&quot;:&quot;carousel&quot;,&quot;effect&quot;:&quot;slide&quot;,&quot;show_arrows&quot;:&quot;yes&quot;,&quot;speed&quot;:500,&quot;autoplay&quot;:&quot;yes&quot;,&quot;autoplay_speed&quot;:5000,&quot;loop&quot;:&quot;yes&quot;,&quot;pause_on_hover&quot;:&quot;yes&quot;,&quot;pause_on_interaction&quot;:&quot;yes&quot;}\" data-widget_type=\"media-carousel.default\">\n\t\t\t\t<div class=\"elementor-widget-container\">\n\t\t\t\t\t\t\t\t\t<div class=\"elementor-swiper\">\n\t\t\t\t\t<div class=\"elementor-main-swiper swiper\" role=\"region\" aria-roledescription=\"carousel\" aria-label=\"Slider\">\n\t\t\t\t<div class=\"swiper-wrapper\">\n\t\t\t\t\t\t\t\t\t\t\t<div class=\"swiper-slide\" role=\"group\" aria-roledescription=\"slide\">\n\t\t\t\t\t\t\t\t\t<div class=\"elementor-carousel-image\" role=\"img\" aria-label=\"ebay_logo\" style=\"background-image: url(&#039;https:\/\/bionatic.com\/wp-content\/uploads\/2025\/06\/ebay_logo.svg&#039;)\">\n\n\t\t\t\n\t\t\t\t\t<\/div>\n\t\t\t\t\t\t\t\t<\/div>\n\t\t\t\t\t\t\t\t\t\t\t<div class=\"swiper-slide\" role=\"group\" aria-roledescription=\"slide\">\n\t\t\t\t\t\t\t\t\t<div class=\"elementor-carousel-image\" role=\"img\" aria-label=\"otto-logo\" style=\"background-image: url(&#039;https:\/\/bionatic.com\/wp-content\/uploads\/2025\/06\/otto-logo.svg&#039;)\">\n\n\t\t\t\n\t\t\t\t\t<\/div>\n\t\t\t\t\t\t\t\t<\/div>\n\t\t\t\t\t\t\t\t\t\t\t<div class=\"swiper-slide\" role=\"group\" aria-roledescription=\"slide\">\n\t\t\t\t\t\t\t\t\t<div class=\"elementor-carousel-image\" role=\"img\" aria-label=\"metro-logo\" style=\"background-image: url(&#039;https:\/\/bionatic.com\/wp-content\/uploads\/2025\/06\/metro-logo.svg&#039;)\">\n\n\t\t\t\n\t\t\t\t\t<\/div>\n\t\t\t\t\t\t\t\t<\/div>\n\t\t\t\t\t\t\t\t\t\t\t<div class=\"swiper-slide\" role=\"group\" aria-roledescription=\"slide\">\n\t\t\t\t\t\t\t\t\t<div class=\"elementor-carousel-image\" role=\"img\" aria-label=\"amazon_logo\" style=\"background-image: url(&#039;https:\/\/bionatic.com\/wp-content\/uploads\/2025\/06\/amazon_logo.svg&#039;)\">\n\n\t\t\t\n\t\t\t\t\t<\/div>\n\t\t\t\t\t\t\t\t<\/div>\n\t\t\t\t\t\t\t\t\t\t\t<div class=\"swiper-slide\" role=\"group\" aria-roledescription=\"slide\">\n\t\t\t\t\t\t\t\t\t<div class=\"elementor-carousel-image\" role=\"img\" aria-label=\"kaufland-logo\" style=\"background-image: url(&#039;https:\/\/bionatic.com\/wp-content\/uploads\/2025\/06\/kaufland-logo.svg&#039;)\">\n\n\t\t\t\n\t\t\t\t\t<\/div>\n\t\t\t\t\t\t\t\t<\/div>\n\t\t\t\t\t\t\t\t\t<\/div>\n\t\t\t\t\t\t\t\t\t\t\t\t\t\t\t<div class=\"elementor-swiper-button elementor-swiper-button-prev\" role=\"button\" tabindex=\"0\" aria-label=\"Previous\">\n\t\t\t\t\t\t\t<svg aria-hidden=\"true\" class=\"e-font-icon-svg e-eicon-chevron-left\" viewbox=\"0 0 1000 1000\" xmlns=\"http:\/\/www.w3.org\/2000\/svg\"><path d=\"M646 125C629 125 613 133 604 142L308 442C296 454 292 471 292 487 292 504 296 521 308 533L604 854C617 867 629 875 646 875 663 875 679 871 692 858 704 846 713 829 713 812 713 796 708 779 692 767L438 487 692 225C700 217 708 204 708 187 708 171 704 154 692 142 675 129 663 125 646 125Z\"><\/path><\/svg>\t\t\t\t\t\t<\/div>\n\t\t\t\t\t\t<div class=\"elementor-swiper-button elementor-swiper-button-next\" role=\"button\" tabindex=\"0\" aria-label=\"Next\">\n\t\t\t\t\t\t\t<svg aria-hidden=\"true\" class=\"e-font-icon-svg e-eicon-chevron-right\" viewbox=\"0 0 1000 1000\" xmlns=\"http:\/\/www.w3.org\/2000\/svg\"><path d=\"M696 533C708 521 713 504 713 487 713 471 708 454 696 446L400 146C388 133 375 125 354 125 338 125 325 129 313 142 300 154 292 171 292 187 292 204 296 221 308 233L563 492 304 771C292 783 288 800 288 817 288 833 296 850 308 863 321 871 338 875 354 875 371 875 388 867 400 854L696 533Z\"><\/path><\/svg>\t\t\t\t\t\t<\/div>\n\t\t\t\t\t\t\t\t\t\t\t\t\t\t\t\t\t<\/div>\n\t\t\t\t<\/div>\n\t\t\t\t\t\t\t\t<\/div>\n\t\t\t\t<\/div>\n\t\t\t\t\t<\/div>\n\t\t\t\t<\/div>\n\t\t\t\t<\/div>","protected":false},"excerpt":{"rendered":"<p>E-Commerce Services Intelligentes &amp; digitales Fulfillment Ecoreware bietet\u00a0E-Commerce-as-a-Service (ECaaS)\u00a0und ist Ihr\u00a0End-to-End E-Commerce-Partner\u00a0f\u00fcr\u00a0Lagerhaltung, Logistik, Versand\u00a0und\u00a0Marktplatz-Management.\u00a0 Mit mit jahrelanger Expertise im B2C-E-Commerce auf Plattformen wie Amazon (FBA\/AFN, FBM\/MFN, Vendor), eBay, Metro, OTTO\u00a0und\u00a0Kaufland\u00a0helfen wir Ihnen, Ihre Produkte effizient zu vertreiben. Viele H\u00e4ndler stehen vor Herausforderungen wie Feinkommissionierung, automatisierter Listing-Erstellung, Marketing (AMZ Ads, Coupons, A+ Content, Store), Etikettierungsanforderungen und [&hellip;]<\/p>","protected":false},"author":8,"featured_media":24468,"parent":0,"menu_order":0,"comment_status":"closed","ping_status":"closed","template":"","meta":{"inline_featured_image":false,"footnotes":""},"tags":[],"class_list":["post-24467","page","type-page","status-publish","has-post-thumbnail","hentry"],"yoast_head":"<!-- This site is optimized with the Yoast SEO plugin v25.5 - https:\/\/yoast.com\/wordpress\/plugins\/seo\/ -->\n<title>E-Commerce Services - Ihr Partner f\u00fcr digitales Fulfillment<\/title>\n<meta name=\"description\" content=\"Nutzen Sie unsere E-Commerce Services f\u00fcr effiziente Lagerhaltung, Logistik und Versand. Kontaktieren Sie uns f\u00fcr ma\u00dfgeschneiderte L\u00f6sungen!\" \/>\n<meta name=\"robots\" content=\"index, follow, max-snippet:-1, max-image-preview:large, max-video-preview:-1\" \/>\n<link rel=\"canonical\" href=\"https:\/\/bionatic.com\/en\/e-commerce-services\/\" \/>\n<script type=\"application\/ld+json\" class=\"yoast-schema-graph\">{\"@context\":\"https:\/\/schema.org\",\"@graph\":[{\"@type\":\"WebPage\",\"@id\":\"https:\/\/bionatic.com\/e-commerce-services\/\",\"url\":\"https:\/\/bionatic.com\/e-commerce-services\/\",\"name\":\"E-Commerce Services - Ihr Partner f\u00fcr digitales Fulfillment\",\"isPartOf\":{\"@id\":\"https:\/\/bionatic.com\/#website\"},\"primaryImageOfPage\":{\"@id\":\"https:\/\/bionatic.com\/e-commerce-services\/#primaryimage\"},\"image\":{\"@id\":\"https:\/\/bionatic.com\/e-commerce-services\/#primaryimage\"},\"thumbnailUrl\":\"https:\/\/bionatic.com\/wp-content\/uploads\/2025\/06\/banner-e-commerce-services.webp\",\"datePublished\":\"2025-06-18T11:35:26+00:00\",\"dateModified\":\"2025-07-21T10:44:14+00:00\",\"description\":\"Nutzen Sie unsere E-Commerce Services f\u00fcr effiziente Lagerhaltung, Logistik und Versand. Kontaktieren Sie uns f\u00fcr ma\u00dfgeschneiderte L\u00f6sungen!\",\"breadcrumb\":{\"@id\":\"https:\/\/bionatic.com\/e-commerce-services\/#breadcrumb\"},\"inLanguage\":\"en-GB\",\"potentialAction\":[{\"@type\":\"ReadAction\",\"target\":[\"https:\/\/bionatic.com\/e-commerce-services\/\"]}]},{\"@type\":\"ImageObject\",\"inLanguage\":\"en-GB\",\"@id\":\"https:\/\/bionatic.com\/e-commerce-services\/#primaryimage\",\"url\":\"https:\/\/bionatic.com\/wp-content\/uploads\/2025\/06\/banner-e-commerce-services.webp\",\"contentUrl\":\"https:\/\/bionatic.com\/wp-content\/uploads\/2025\/06\/banner-e-commerce-services.webp\",\"width\":1920,\"height\":1080,\"caption\":\"Person, die mit einem Tablet und Paketen arbeitet, w\u00e4hrend digitale Symbole f\u00fcr E-Commerce angezeigt werden.\"},{\"@type\":\"BreadcrumbList\",\"@id\":\"https:\/\/bionatic.com\/e-commerce-services\/#breadcrumb\",\"itemListElement\":[{\"@type\":\"ListItem\",\"position\":1,\"name\":\"Startseite\",\"item\":\"https:\/\/bionatic.com\/\"},{\"@type\":\"ListItem\",\"position\":2,\"name\":\"E-Commerce Services\"}]},{\"@type\":\"WebSite\",\"@id\":\"https:\/\/bionatic.com\/#website\",\"url\":\"https:\/\/bionatic.com\/\",\"name\":\"Bionatic\",\"description\":\"Die Gr\u00fcne Gruppe\",\"publisher\":{\"@id\":\"https:\/\/bionatic.com\/#organization\"},\"potentialAction\":[{\"@type\":\"SearchAction\",\"target\":{\"@type\":\"EntryPoint\",\"urlTemplate\":\"https:\/\/bionatic.com\/?s={search_term_string}\"},\"query-input\":{\"@type\":\"PropertyValueSpecification\",\"valueRequired\":true,\"valueName\":\"search_term_string\"}}],\"inLanguage\":\"en-GB\"},{\"@type\":\"Organization\",\"@id\":\"https:\/\/bionatic.com\/#organization\",\"name\":\"Bionatic GmbH & Co. KG\",\"url\":\"https:\/\/bionatic.com\/\",\"logo\":{\"@type\":\"ImageObject\",\"inLanguage\":\"en-GB\",\"@id\":\"https:\/\/bionatic.com\/#\/schema\/logo\/image\/\",\"url\":\"http:\/\/510873897.swh.strato-hosting.eu\/bionatic-com-wp-2021\/wp-content\/uploads\/2018\/09\/logo164\u00d754.png\",\"contentUrl\":\"http:\/\/510873897.swh.strato-hosting.eu\/bionatic-com-wp-2021\/wp-content\/uploads\/2018\/09\/logo164\u00d754.png\",\"width\":164,\"height\":45,\"caption\":\"Bionatic GmbH & Co. KG\"},\"image\":{\"@id\":\"https:\/\/bionatic.com\/#\/schema\/logo\/image\/\"}}]}<\/script>\n<!-- \/ Yoast SEO plugin. -->","yoast_head_json":{"title":"E-Commerce Services - Ihr Partner f\u00fcr digitales Fulfillment","description":"Nutzen Sie unsere E-Commerce Services f\u00fcr effiziente Lagerhaltung, Logistik und Versand. Kontaktieren Sie uns f\u00fcr ma\u00dfgeschneiderte L\u00f6sungen!","robots":{"index":"index","follow":"follow","max-snippet":"max-snippet:-1","max-image-preview":"max-image-preview:large","max-video-preview":"max-video-preview:-1"},"canonical":"https:\/\/bionatic.com\/en\/e-commerce-services\/","schema":{"@context":"https:\/\/schema.org","@graph":[{"@type":"WebPage","@id":"https:\/\/bionatic.com\/e-commerce-services\/","url":"https:\/\/bionatic.com\/e-commerce-services\/","name":"E-Commerce Services - Ihr Partner f\u00fcr digitales Fulfillment","isPartOf":{"@id":"https:\/\/bionatic.com\/#website"},"primaryImageOfPage":{"@id":"https:\/\/bionatic.com\/e-commerce-services\/#primaryimage"},"image":{"@id":"https:\/\/bionatic.com\/e-commerce-services\/#primaryimage"},"thumbnailUrl":"https:\/\/bionatic.com\/wp-content\/uploads\/2025\/06\/banner-e-commerce-services.webp","datePublished":"2025-06-18T11:35:26+00:00","dateModified":"2025-07-21T10:44:14+00:00","description":"Nutzen Sie unsere E-Commerce Services f\u00fcr effiziente Lagerhaltung, Logistik und Versand. Kontaktieren Sie uns f\u00fcr ma\u00dfgeschneiderte L\u00f6sungen!","breadcrumb":{"@id":"https:\/\/bionatic.com\/e-commerce-services\/#breadcrumb"},"inLanguage":"en-GB","potentialAction":[{"@type":"ReadAction","target":["https:\/\/bionatic.com\/e-commerce-services\/"]}]},{"@type":"ImageObject","inLanguage":"en-GB","@id":"https:\/\/bionatic.com\/e-commerce-services\/#primaryimage","url":"https:\/\/bionatic.com\/wp-content\/uploads\/2025\/06\/banner-e-commerce-services.webp","contentUrl":"https:\/\/bionatic.com\/wp-content\/uploads\/2025\/06\/banner-e-commerce-services.webp","width":1920,"height":1080,"caption":"Person, die mit einem Tablet und Paketen arbeitet, w\u00e4hrend digitale Symbole f\u00fcr E-Commerce angezeigt werden."},{"@type":"BreadcrumbList","@id":"https:\/\/bionatic.com\/e-commerce-services\/#breadcrumb","itemListElement":[{"@type":"ListItem","position":1,"name":"Startseite","item":"https:\/\/bionatic.com\/"},{"@type":"ListItem","position":2,"name":"E-Commerce Services"}]},{"@type":"WebSite","@id":"https:\/\/bionatic.com\/#website","url":"https:\/\/bionatic.com\/","name":"Bionatic","description":"Die Gr\u00fcne Gruppe","publisher":{"@id":"https:\/\/bionatic.com\/#organization"},"potentialAction":[{"@type":"SearchAction","target":{"@type":"EntryPoint","urlTemplate":"https:\/\/bionatic.com\/?s={search_term_string}"},"query-input":{"@type":"PropertyValueSpecification","valueRequired":true,"valueName":"search_term_string"}}],"inLanguage":"en-GB"},{"@type":"Organization","@id":"https:\/\/bionatic.com\/#organization","name":"Bionatic GmbH & Co. KG","url":"https:\/\/bionatic.com\/","logo":{"@type":"ImageObject","inLanguage":"en-GB","@id":"https:\/\/bionatic.com\/#\/schema\/logo\/image\/","url":"http:\/\/510873897.swh.strato-hosting.eu\/bionatic-com-wp-2021\/wp-content\/uploads\/2018\/09\/logo164\u00d754.png","contentUrl":"http:\/\/510873897.swh.strato-hosting.eu\/bionatic-com-wp-2021\/wp-content\/uploads\/2018\/09\/logo164\u00d754.png","width":164,"height":45,"caption":"Bionatic GmbH & Co. KG"},"image":{"@id":"https:\/\/bionatic.com\/#\/schema\/logo\/image\/"}}]}},"_links":{"self":[{"href":"https:\/\/bionatic.com\/en\/wp-json\/wp\/v2\/pages\/24467","targetHints":{"allow":["GET"]}}],"collection":[{"href":"https:\/\/bionatic.com\/en\/wp-json\/wp\/v2\/pages"}],"about":[{"href":"https:\/\/bionatic.com\/en\/wp-json\/wp\/v2\/types\/page"}],"author":[{"embeddable":true,"href":"https:\/\/bionatic.com\/en\/wp-json\/wp\/v2\/users\/8"}],"replies":[{"embeddable":true,"href":"https:\/\/bionatic.com\/en\/wp-json\/wp\/v2\/comments?post=24467"}],"version-history":[{"count":0,"href":"https:\/\/bionatic.com\/en\/wp-json\/wp\/v2\/pages\/24467\/revisions"}],"wp:featuredmedia":[{"embeddable":true,"href":"https:\/\/bionatic.com\/en\/wp-json\/wp\/v2\/media\/24468"}],"wp:attachment":[{"href":"https:\/\/bionatic.com\/en\/wp-json\/wp\/v2\/media?parent=24467"}],"wp:term":[{"taxonomy":"post_tag","embeddable":true,"href":"https:\/\/bionatic.com\/en\/wp-json\/wp\/v2\/tags?post=24467"}],"curies":[{"name":"wp","href":"https:\/\/api.w.org\/{rel}","templated":true}]}}