{"id":24072,"date":"2025-01-16T10:56:44","date_gmt":"2025-01-16T10:56:44","guid":{"rendered":"https:\/\/bionatic.com\/?page_id=24072"},"modified":"2025-06-18T10:33:28","modified_gmt":"2025-06-18T10:33:28","slug":"logistik-fulfillment-services","status":"publish","type":"page","link":"https:\/\/bionatic.com\/en\/logistik-fulfillment-services\/","title":{"rendered":"Logistics &amp; Fulfillment Services"},"content":{"rendered":"<div data-elementor-type=\"wp-page\" data-elementor-id=\"24072\" class=\"elementor elementor-24072\" data-elementor-post-type=\"page\">\n\t\t\t\t<div class=\"elementor-element elementor-element-7afb1f30 e-con-full e-flex e-con e-parent\" data-id=\"7afb1f30\" data-element_type=\"container\" data-settings=\"{&quot;background_background&quot;:&quot;classic&quot;}\">\n\t\t\t\t<div class=\"elementor-element elementor-element-6f1d005e bio-txt-shadow elementor-widget elementor-widget-heading\" data-id=\"6f1d005e\" data-element_type=\"widget\" data-widget_type=\"heading.default\">\n\t\t\t\t<div class=\"elementor-widget-container\">\n\t\t\t\t\t<h1 class=\"elementor-heading-title elementor-size-default\">Logistics &amp; Fulfillment Services<\/h1>\t\t\t\t<\/div>\n\t\t\t\t<\/div>\n\t\t\t\t<\/div>\n\t\t<div class=\"elementor-element elementor-element-4a77eaa6 e-flex e-con-boxed e-con e-parent\" data-id=\"4a77eaa6\" data-element_type=\"container\" id=\"klimaneutralit\u00e4t\">\n\t\t\t\t\t<div class=\"e-con-inner\">\n\t\t\t\t<div class=\"elementor-element elementor-element-7e53828a elementor-widget elementor-widget-text-editor\" data-id=\"7e53828a\" data-element_type=\"widget\" data-widget_type=\"text-editor.default\">\n\t\t\t\t<div class=\"elementor-widget-container\">\n\t\t\t\t\t\t\t\t\t<p><strong>Sales through online marketplaces\u2014such as Amazon, eBay, Otto, Metro, Cdiscount, Alibaba, and many more\u2014offer companies the opportunity to make their products accessible to a broad audience across borders and to market them effectively\u2014a solution we are happy to provide.<\/strong><\/p><p>Together with our fulfillment service providers, e-logs and Stephani Spedition, we offer tailored logistics and e-commerce fulfillment solutions for manufacturers and trading companies of all sizes\u2014from startups to large corporations\u2014covering all aspects of global supply chain organization.<\/p><p>In addition to B2B fulfillment (Business-to-Business), we also provide comprehensive D2C (Direct-to-Consumer) solutions, ensuring that your orders are processed smoothly and quickly throughout the entire logistics supply chain\u2014from inbound logistics, warehousing, bulk and fine picking, and cost-optimized outbound logistics via container, freight forwarding, or CEP (courier, express, and parcel services) to returns management (reverse logistics). Naturally, services such as Fulfillment by Merchant (FBM)\u2014including Prime shipping\u2014and Fulfillment by Amazon (FBA) via Amazon marketplaces are also included. \u00a0<\/p><p>With our logistics services, we enhance your company's efficiency, maximize customer satisfaction, and minimize environmental impact. We consciously offset the CO\u2082 emissions generated throughout our processes. This sustainable approach shapes all business areas of the Bionatic Group.<\/p>\t\t\t\t\t\t\t\t<\/div>\n\t\t\t\t<\/div>\n\t\t\t\t\t<\/div>\n\t\t\t\t<\/div>\n\t\t<div class=\"elementor-element elementor-element-a213092 e-flex e-con-boxed e-con e-parent\" data-id=\"a213092\" data-element_type=\"container\">\n\t\t\t\t\t<div class=\"e-con-inner\">\n\t\t\t\t<div class=\"elementor-element elementor-element-794edbf elementor-widget elementor-widget-heading\" data-id=\"794edbf\" data-element_type=\"widget\" data-widget_type=\"heading.default\">\n\t\t\t\t<div class=\"elementor-widget-container\">\n\t\t\t\t\t<h2 class=\"elementor-heading-title elementor-size-default\">Our Fulfillment Solutions<\/h2>\t\t\t\t<\/div>\n\t\t\t\t<\/div>\n\t\t\t\t\t<\/div>\n\t\t\t\t<\/div>\n\t\t<div class=\"elementor-element elementor-element-491a8ca1 e-grid e-con-full e-con e-parent\" data-id=\"491a8ca1\" data-element_type=\"container\">\n\t\t<div class=\"elementor-element elementor-element-692a62c5 e-flex e-con-boxed e-con e-child\" data-id=\"692a62c5\" data-element_type=\"container\" data-settings=\"{&quot;background_background&quot;:&quot;classic&quot;}\">\n\t\t\t\t\t<div class=\"e-con-inner\">\n\t\t\t\t<div class=\"elementor-element elementor-element-5f403d73 elementor-widget elementor-widget-text-editor\" data-id=\"5f403d73\" data-element_type=\"widget\" data-widget_type=\"text-editor.default\">\n\t\t\t\t<div class=\"elementor-widget-container\">\n\t\t\t\t\t\t\t\t\t<p><strong>Inbound Logistics<\/strong><\/p><ul><li>Acceptance of containers, pallets, and cartons<\/li><li>Support with import and customs clearance<\/li><li>Visual inspection of goods and reconciliation with delivery documents<\/li><li>Direct storage according to our standards<\/li><\/ul><p><strong>Storage<\/strong><\/p><ul><li>Shelving, high-rack, and block storage for optimal space utilization<\/li><li>Various areas for storage and order picking<\/li><li>Flexibly scalable logistics space<\/li><li>Expiration date and batch management for quality assurance<\/li><\/ul>\t\t\t\t\t\t\t\t<\/div>\n\t\t\t\t<\/div>\n\t\t\t\t\t<\/div>\n\t\t\t\t<\/div>\n\t\t<div class=\"elementor-element elementor-element-77c9d8b3 e-flex e-con-boxed e-con e-child\" data-id=\"77c9d8b3\" data-element_type=\"container\" data-settings=\"{&quot;background_background&quot;:&quot;classic&quot;}\">\n\t\t\t\t\t<div class=\"e-con-inner\">\n\t\t\t\t<div class=\"elementor-element elementor-element-54e1f48e elementor-widget elementor-widget-text-editor\" data-id=\"54e1f48e\" data-element_type=\"widget\" data-widget_type=\"text-editor.default\">\n\t\t\t\t<div class=\"elementor-widget-container\">\n\t\t\t\t\t\t\t\t\t<p><strong>Order Picking<\/strong><\/p><ul><li>Error reduction through double scanning in the pick-&amp;-pack process<\/li><li>Printing and adding shipping labels and accompanying documents (delivery notes, invoices, return slips)<\/li><li>Secure and environmentally friendly packaging with sustainable cartons and filling materials<\/li><li>Support for Amazon FBM, FBA, and Prime (including labeling, packaging, and shipping according to Amazon guidelines)<\/li><li>Efficient bulk delivery (outbound) for large and consolidated orders<\/li><\/ul><p><strong>Returns Management<\/strong><\/p><ul><li>Acceptance and inspection of returns for completeness and condition<\/li><li>ABC classification and possible reprocessing of returned items<\/li><li>Restocking into active or blocked inventory, depending on condition<\/li><\/ul>\t\t\t\t\t\t\t\t<\/div>\n\t\t\t\t<\/div>\n\t\t\t\t\t<\/div>\n\t\t\t\t<\/div>\n\t\t\t\t<\/div>\n\t\t<div class=\"elementor-element elementor-element-1cd8eb19 e-flex e-con-boxed e-con e-parent\" data-id=\"1cd8eb19\" data-element_type=\"container\">\n\t\t\t\t\t<div class=\"e-con-inner\">\n\t\t\t\t<div class=\"elementor-element elementor-element-7420313c elementor-widget elementor-widget-heading\" data-id=\"7420313c\" data-element_type=\"widget\" data-widget_type=\"heading.default\">\n\t\t\t\t<div class=\"elementor-widget-container\">\n\t\t\t\t\t<h2 class=\"elementor-heading-title elementor-size-default\">The Fulfillment Process<\/h2>\t\t\t\t<\/div>\n\t\t\t\t<\/div>\n\t\t\t\t<div class=\"elementor-element elementor-element-6413b72 elementor-widget elementor-widget-image\" data-id=\"6413b72\" data-element_type=\"widget\" data-widget_type=\"image.default\">\n\t\t\t\t<div class=\"elementor-widget-container\">\n\t\t\t\t\t\t\t\t\t\t\t\t\t\t\t<img fetchpriority=\"high\" decoding=\"async\" width=\"683\" height=\"163\" src=\"https:\/\/bionatic.com\/wp-content\/uploads\/2025\/02\/biontic-fulfillment-process_en.svg\" class=\"attachment-full size-full wp-image-24089\" alt=\"\" \/>\t\t\t\t\t\t\t\t\t\t\t\t\t\t\t<\/div>\n\t\t\t\t<\/div>\n\t\t\t\t\t<\/div>\n\t\t\t\t<\/div>\n\t\t<div class=\"elementor-element elementor-element-5491c5f e-con-full e-flex e-con e-parent\" data-id=\"5491c5f\" data-element_type=\"container\" data-settings=\"{&quot;background_background&quot;:&quot;classic&quot;}\">\n\t\t<div class=\"elementor-element elementor-element-50cc7294 e-con-full e-flex e-con e-child\" data-id=\"50cc7294\" data-element_type=\"container\">\n\t\t\t\t<div class=\"elementor-element elementor-element-4313c5de elementor-widget elementor-widget-text-editor\" data-id=\"4313c5de\" data-element_type=\"widget\" data-widget_type=\"text-editor.default\">\n\t\t\t\t<div class=\"elementor-widget-container\">\n\t\t\t\t\t\t\t\t\t<p>\"We stand for logistics that are flexible, efficient, and tailored to your needs. Our goal is to develop forward-thinking solutions together with you that sustainably advance your business.\"<\/p>\t\t\t\t\t\t\t\t<\/div>\n\t\t\t\t<\/div>\n\t\t\t\t<div class=\"elementor-element elementor-element-2f27cf95 elementor-widget elementor-widget-text-editor\" data-id=\"2f27cf95\" data-element_type=\"widget\" data-widget_type=\"text-editor.default\">\n\t\t\t\t<div class=\"elementor-widget-container\">\n\t\t\t\t\t\t\t\t\t<p><strong>Oliver Frank<\/strong><br \/>Managing Director, Stephani Spedition GmbH<\/p>\t\t\t\t\t\t\t\t<\/div>\n\t\t\t\t<\/div>\n\t\t\t\t<\/div>\n\t\t\t\t<div class=\"elementor-element elementor-element-4bd7fc69 e-transform elementor-widget elementor-widget-image\" data-id=\"4bd7fc69\" data-element_type=\"widget\" data-settings=\"{&quot;_transform_flipX_effect&quot;:&quot;transform&quot;}\" data-widget_type=\"image.default\">\n\t\t\t\t<div class=\"elementor-widget-container\">\n\t\t\t\t\t\t\t\t\t\t\t\t\t\t\t<img decoding=\"async\" width=\"500\" height=\"500\" src=\"https:\/\/bionatic.com\/wp-content\/uploads\/2024\/12\/oliver-frank-stephani-spedition.webp\" class=\"attachment-full size-full wp-image-24082\" alt=\"Oliver Frank, Gesch\u00e4ftsf\u00fchrer Stephani Spedition GmbH\" srcset=\"https:\/\/bionatic.com\/wp-content\/uploads\/2024\/12\/oliver-frank-stephani-spedition.webp 500w, https:\/\/bionatic.com\/wp-content\/uploads\/2024\/12\/oliver-frank-stephani-spedition-300x300.webp 300w, https:\/\/bionatic.com\/wp-content\/uploads\/2024\/12\/oliver-frank-stephani-spedition-150x150.webp 150w, https:\/\/bionatic.com\/wp-content\/uploads\/2024\/12\/oliver-frank-stephani-spedition-12x12.webp 12w\" sizes=\"(max-width: 500px) 100vw, 500px\" \/>\t\t\t\t\t\t\t\t\t\t\t\t\t\t\t<\/div>\n\t\t\t\t<\/div>\n\t\t\t\t<\/div>\n\t\t<div class=\"elementor-element elementor-element-508765a e-grid e-con-full e-con e-parent\" data-id=\"508765a\" data-element_type=\"container\">\n\t\t<div class=\"elementor-element elementor-element-5e1f7ed e-flex e-con-boxed e-con e-child\" data-id=\"5e1f7ed\" data-element_type=\"container\" data-settings=\"{&quot;background_background&quot;:&quot;classic&quot;}\">\n\t\t\t\t\t<div class=\"e-con-inner\">\n\t\t\t\t<div class=\"elementor-element elementor-element-6345328 elementor-widget elementor-widget-heading\" data-id=\"6345328\" data-element_type=\"widget\" data-widget_type=\"heading.default\">\n\t\t\t\t<div class=\"elementor-widget-container\">\n\t\t\t\t\t<h2 class=\"elementor-heading-title elementor-size-default\">e-logs\u00a0GmbH<\/h2>\t\t\t\t<\/div>\n\t\t\t\t<\/div>\n\t\t\t\t<div class=\"elementor-element elementor-element-71da62f elementor-widget elementor-widget-text-editor\" data-id=\"71da62f\" data-element_type=\"widget\" data-widget_type=\"text-editor.default\">\n\t\t\t\t<div class=\"elementor-widget-container\">\n\t\t\t\t\t\t\t\t\tOur fulfillment service provider, e-logs, serves customers in the greater Bremen, Hamburg, and Hanover areas and specializes in customized logistics solutions for e-commerce businesses. With approximately 3,000 m\u00b2 of space, around 1,500 pallet storage locations, and large working areas, a wide range of options for a customer-specific service portfolio covering complete shipping processing is available.\nThe services of e-logs include storage, order picking, packaging, and shipping to both B2B and B2C customers, as well as handling returns and integrating with Amazon FBA. Thanks to modern IT systems, real-time tracking of inventory and orders is possible.\nFor more information, please visit <a href=\"https:\/\/e-logs.de\/\">our website<\/a>.\t\t\t\t\t\t\t\t<\/div>\n\t\t\t\t<\/div>\n\t\t\t\t<div class=\"elementor-element elementor-element-dce1ff4 elementor-widget elementor-widget-image\" data-id=\"dce1ff4\" data-element_type=\"widget\" data-widget_type=\"image.default\">\n\t\t\t\t<div class=\"elementor-widget-container\">\n\t\t\t\t\t\t\t\t\t\t\t\t\t\t\t<img decoding=\"async\" width=\"395\" height=\"122\" src=\"https:\/\/bionatic.com\/wp-content\/uploads\/2023\/08\/elogs_logo.png\" class=\"attachment-full size-full wp-image-23366\" alt=\"Logo von e-logs in rot und grau mit dem Schriftzug &#039;e-logs&#039;\" srcset=\"https:\/\/bionatic.com\/wp-content\/uploads\/2023\/08\/elogs_logo.png 395w, https:\/\/bionatic.com\/wp-content\/uploads\/2023\/08\/elogs_logo-300x93.png 300w, https:\/\/bionatic.com\/wp-content\/uploads\/2023\/08\/elogs_logo-18x6.png 18w\" sizes=\"(max-width: 395px) 100vw, 395px\" \/>\t\t\t\t\t\t\t\t\t\t\t\t\t\t\t<\/div>\n\t\t\t\t<\/div>\n\t\t\t\t\t<\/div>\n\t\t\t\t<\/div>\n\t\t<div class=\"elementor-element elementor-element-f81237a e-flex e-con-boxed e-con e-child\" data-id=\"f81237a\" data-element_type=\"container\" data-settings=\"{&quot;background_background&quot;:&quot;classic&quot;}\">\n\t\t\t\t\t<div class=\"e-con-inner\">\n\t\t\t\t<div class=\"elementor-element elementor-element-20913b1 elementor-widget elementor-widget-heading\" data-id=\"20913b1\" data-element_type=\"widget\" data-widget_type=\"heading.default\">\n\t\t\t\t<div class=\"elementor-widget-container\">\n\t\t\t\t\t<h2 class=\"elementor-heading-title elementor-size-default\">Stephani Spedition GmbH<\/h2>\t\t\t\t<\/div>\n\t\t\t\t<\/div>\n\t\t\t\t<div class=\"elementor-element elementor-element-049bf71 elementor-widget elementor-widget-text-editor\" data-id=\"049bf71\" data-element_type=\"widget\" data-widget_type=\"text-editor.default\">\n\t\t\t\t<div class=\"elementor-widget-container\">\n\t\t\t\t\t\t\t\t\t<p>As an experienced logistics company, Stephani Spedition has been supporting retailers and manufacturers worldwide with the transportation and storage of goods since 1920. Stephani's services also include warehousing, customs clearance, and comprehensive logistics management using the latest technologies to ensure fast and reliable deliveries. In Bremen, Stephani Spedition operates a warehouse space of 22,600 m\u00b2 with a capacity of 25,000 pallet storage locations across four halls. A total of 24 docks are available for loading and unloading trucks. In spring 2023, it was integrated into the Bionatic Group. For more information, please visit <a href=\"https:\/\/www.stephani-spedition.de\/en\">our website<\/a>.<\/p>\t\t\t\t\t\t\t\t<\/div>\n\t\t\t\t<\/div>\n\t\t\t\t<div class=\"elementor-element elementor-element-05b4c5e elementor-widget elementor-widget-image\" data-id=\"05b4c5e\" data-element_type=\"widget\" data-widget_type=\"image.default\">\n\t\t\t\t<div class=\"elementor-widget-container\">\n\t\t\t\t\t\t\t\t\t\t\t\t\t\t\t<img loading=\"lazy\" decoding=\"async\" width=\"395\" height=\"88\" src=\"https:\/\/bionatic.com\/wp-content\/uploads\/2023\/08\/stephanie_logo.png\" class=\"attachment-full size-full wp-image-23364\" alt=\"Logo der Stefani Spedition GmbH in blauer und schwarzer Schrift.\" srcset=\"https:\/\/bionatic.com\/wp-content\/uploads\/2023\/08\/stephanie_logo.png 395w, https:\/\/bionatic.com\/wp-content\/uploads\/2023\/08\/stephanie_logo-300x67.png 300w, https:\/\/bionatic.com\/wp-content\/uploads\/2023\/08\/stephanie_logo-18x4.png 18w\" sizes=\"(max-width: 395px) 100vw, 395px\" \/>\t\t\t\t\t\t\t\t\t\t\t\t\t\t\t<\/div>\n\t\t\t\t<\/div>\n\t\t\t\t\t<\/div>\n\t\t\t\t<\/div>\n\t\t\t\t<\/div>\n\t\t\t\t<\/div>","protected":false},"excerpt":{"rendered":"<p>Logistik &amp; Fulfillment Services Der Vertrieb \u00fcber Online-Marktpl\u00e4tze &#8211; wie Amazon, e-Bay, Otto, Metro, Cdiscount, Alibaba oder viele weitere er\u00f6ffnet Unternehmen Chancen und M\u00f6glichkeiten, um Produkte \u00fcber Grenzen hinweg einer breiten Zielgruppe zug\u00e4nglich zu machen und zu vermarkten \u2013 eine L\u00f6sung, die wir Ihnen gerne anbieten. Mit unseren Fulfillment-Dienstleistern e-logs und der Stephani Spedition bieten [&hellip;]<\/p>","protected":false},"author":8,"featured_media":0,"parent":0,"menu_order":0,"comment_status":"closed","ping_status":"closed","template":"","meta":{"inline_featured_image":false,"footnotes":""},"tags":[],"class_list":["post-24072","page","type-page","status-publish","hentry"],"yoast_head":"<!-- This site is optimized with the Yoast SEO plugin v25.5 - https:\/\/yoast.com\/wordpress\/plugins\/seo\/ -->\n<title>Logistik &amp; Fulfillment Services f\u00fcr Ihr Unternehmen<\/title>\n<meta name=\"description\" content=\"Optimieren Sie Ihre Logistik mit unseren ma\u00dfgeschneiderten Fulfillment-L\u00f6sungen. Steigern Sie Effizienz und Kundenzufriedenheit jetzt!\" \/>\n<meta name=\"robots\" content=\"index, follow, max-snippet:-1, max-image-preview:large, max-video-preview:-1\" \/>\n<link rel=\"canonical\" href=\"https:\/\/bionatic.com\/en\/logistik-fulfillment-services\/\" \/>\n<script type=\"application\/ld+json\" class=\"yoast-schema-graph\">{\"@context\":\"https:\/\/schema.org\",\"@graph\":[{\"@type\":\"WebPage\",\"@id\":\"https:\/\/bionatic.com\/logistik-fulfillment-services\/\",\"url\":\"https:\/\/bionatic.com\/logistik-fulfillment-services\/\",\"name\":\"Logistik &amp; Fulfillment Services f\u00fcr Ihr Unternehmen\",\"isPartOf\":{\"@id\":\"https:\/\/bionatic.com\/#website\"},\"primaryImageOfPage\":{\"@id\":\"https:\/\/bionatic.com\/logistik-fulfillment-services\/#primaryimage\"},\"image\":{\"@id\":\"https:\/\/bionatic.com\/logistik-fulfillment-services\/#primaryimage\"},\"thumbnailUrl\":\"https:\/\/bionatic.com\/wp-content\/uploads\/2024\/12\/biontic-fulfillment-prozess.svg\",\"datePublished\":\"2025-01-16T10:56:44+00:00\",\"dateModified\":\"2025-06-18T10:33:28+00:00\",\"description\":\"Optimieren Sie Ihre Logistik mit unseren ma\u00dfgeschneiderten Fulfillment-L\u00f6sungen. Steigern Sie Effizienz und Kundenzufriedenheit jetzt!\",\"breadcrumb\":{\"@id\":\"https:\/\/bionatic.com\/logistik-fulfillment-services\/#breadcrumb\"},\"inLanguage\":\"en-GB\",\"potentialAction\":[{\"@type\":\"ReadAction\",\"target\":[\"https:\/\/bionatic.com\/logistik-fulfillment-services\/\"]}]},{\"@type\":\"ImageObject\",\"inLanguage\":\"en-GB\",\"@id\":\"https:\/\/bionatic.com\/logistik-fulfillment-services\/#primaryimage\",\"url\":\"https:\/\/bionatic.com\/wp-content\/uploads\/2024\/12\/biontic-fulfillment-prozess.svg\",\"contentUrl\":\"https:\/\/bionatic.com\/wp-content\/uploads\/2024\/12\/biontic-fulfillment-prozess.svg\"},{\"@type\":\"BreadcrumbList\",\"@id\":\"https:\/\/bionatic.com\/logistik-fulfillment-services\/#breadcrumb\",\"itemListElement\":[{\"@type\":\"ListItem\",\"position\":1,\"name\":\"Startseite\",\"item\":\"https:\/\/bionatic.com\/\"},{\"@type\":\"ListItem\",\"position\":2,\"name\":\"Logistik &amp; Fulfillment Services\"}]},{\"@type\":\"WebSite\",\"@id\":\"https:\/\/bionatic.com\/#website\",\"url\":\"https:\/\/bionatic.com\/\",\"name\":\"Bionatic\",\"description\":\"Die Gr\u00fcne Gruppe\",\"publisher\":{\"@id\":\"https:\/\/bionatic.com\/#organization\"},\"potentialAction\":[{\"@type\":\"SearchAction\",\"target\":{\"@type\":\"EntryPoint\",\"urlTemplate\":\"https:\/\/bionatic.com\/?s={search_term_string}\"},\"query-input\":{\"@type\":\"PropertyValueSpecification\",\"valueRequired\":true,\"valueName\":\"search_term_string\"}}],\"inLanguage\":\"en-GB\"},{\"@type\":\"Organization\",\"@id\":\"https:\/\/bionatic.com\/#organization\",\"name\":\"Bionatic GmbH & Co. KG\",\"url\":\"https:\/\/bionatic.com\/\",\"logo\":{\"@type\":\"ImageObject\",\"inLanguage\":\"en-GB\",\"@id\":\"https:\/\/bionatic.com\/#\/schema\/logo\/image\/\",\"url\":\"http:\/\/510873897.swh.strato-hosting.eu\/bionatic-com-wp-2021\/wp-content\/uploads\/2018\/09\/logo164\u00d754.png\",\"contentUrl\":\"http:\/\/510873897.swh.strato-hosting.eu\/bionatic-com-wp-2021\/wp-content\/uploads\/2018\/09\/logo164\u00d754.png\",\"width\":164,\"height\":45,\"caption\":\"Bionatic GmbH & Co. KG\"},\"image\":{\"@id\":\"https:\/\/bionatic.com\/#\/schema\/logo\/image\/\"}}]}<\/script>\n<!-- \/ Yoast SEO plugin. -->","yoast_head_json":{"title":"Logistik &amp; Fulfillment Services f\u00fcr Ihr Unternehmen","description":"Optimieren Sie Ihre Logistik mit unseren ma\u00dfgeschneiderten Fulfillment-L\u00f6sungen. Steigern Sie Effizienz und Kundenzufriedenheit jetzt!","robots":{"index":"index","follow":"follow","max-snippet":"max-snippet:-1","max-image-preview":"max-image-preview:large","max-video-preview":"max-video-preview:-1"},"canonical":"https:\/\/bionatic.com\/en\/logistik-fulfillment-services\/","schema":{"@context":"https:\/\/schema.org","@graph":[{"@type":"WebPage","@id":"https:\/\/bionatic.com\/logistik-fulfillment-services\/","url":"https:\/\/bionatic.com\/logistik-fulfillment-services\/","name":"Logistik &amp; Fulfillment Services f\u00fcr Ihr Unternehmen","isPartOf":{"@id":"https:\/\/bionatic.com\/#website"},"primaryImageOfPage":{"@id":"https:\/\/bionatic.com\/logistik-fulfillment-services\/#primaryimage"},"image":{"@id":"https:\/\/bionatic.com\/logistik-fulfillment-services\/#primaryimage"},"thumbnailUrl":"https:\/\/bionatic.com\/wp-content\/uploads\/2024\/12\/biontic-fulfillment-prozess.svg","datePublished":"2025-01-16T10:56:44+00:00","dateModified":"2025-06-18T10:33:28+00:00","description":"Optimieren Sie Ihre Logistik mit unseren ma\u00dfgeschneiderten Fulfillment-L\u00f6sungen. Steigern Sie Effizienz und Kundenzufriedenheit jetzt!","breadcrumb":{"@id":"https:\/\/bionatic.com\/logistik-fulfillment-services\/#breadcrumb"},"inLanguage":"en-GB","potentialAction":[{"@type":"ReadAction","target":["https:\/\/bionatic.com\/logistik-fulfillment-services\/"]}]},{"@type":"ImageObject","inLanguage":"en-GB","@id":"https:\/\/bionatic.com\/logistik-fulfillment-services\/#primaryimage","url":"https:\/\/bionatic.com\/wp-content\/uploads\/2024\/12\/biontic-fulfillment-prozess.svg","contentUrl":"https:\/\/bionatic.com\/wp-content\/uploads\/2024\/12\/biontic-fulfillment-prozess.svg"},{"@type":"BreadcrumbList","@id":"https:\/\/bionatic.com\/logistik-fulfillment-services\/#breadcrumb","itemListElement":[{"@type":"ListItem","position":1,"name":"Startseite","item":"https:\/\/bionatic.com\/"},{"@type":"ListItem","position":2,"name":"Logistik &amp; Fulfillment Services"}]},{"@type":"WebSite","@id":"https:\/\/bionatic.com\/#website","url":"https:\/\/bionatic.com\/","name":"Bionatic","description":"Die Gr\u00fcne Gruppe","publisher":{"@id":"https:\/\/bionatic.com\/#organization"},"potentialAction":[{"@type":"SearchAction","target":{"@type":"EntryPoint","urlTemplate":"https:\/\/bionatic.com\/?s={search_term_string}"},"query-input":{"@type":"PropertyValueSpecification","valueRequired":true,"valueName":"search_term_string"}}],"inLanguage":"en-GB"},{"@type":"Organization","@id":"https:\/\/bionatic.com\/#organization","name":"Bionatic GmbH & Co. KG","url":"https:\/\/bionatic.com\/","logo":{"@type":"ImageObject","inLanguage":"en-GB","@id":"https:\/\/bionatic.com\/#\/schema\/logo\/image\/","url":"http:\/\/510873897.swh.strato-hosting.eu\/bionatic-com-wp-2021\/wp-content\/uploads\/2018\/09\/logo164\u00d754.png","contentUrl":"http:\/\/510873897.swh.strato-hosting.eu\/bionatic-com-wp-2021\/wp-content\/uploads\/2018\/09\/logo164\u00d754.png","width":164,"height":45,"caption":"Bionatic GmbH & Co. KG"},"image":{"@id":"https:\/\/bionatic.com\/#\/schema\/logo\/image\/"}}]}},"_links":{"self":[{"href":"https:\/\/bionatic.com\/en\/wp-json\/wp\/v2\/pages\/24072","targetHints":{"allow":["GET"]}}],"collection":[{"href":"https:\/\/bionatic.com\/en\/wp-json\/wp\/v2\/pages"}],"about":[{"href":"https:\/\/bionatic.com\/en\/wp-json\/wp\/v2\/types\/page"}],"author":[{"embeddable":true,"href":"https:\/\/bionatic.com\/en\/wp-json\/wp\/v2\/users\/8"}],"replies":[{"embeddable":true,"href":"https:\/\/bionatic.com\/en\/wp-json\/wp\/v2\/comments?post=24072"}],"version-history":[{"count":0,"href":"https:\/\/bionatic.com\/en\/wp-json\/wp\/v2\/pages\/24072\/revisions"}],"wp:attachment":[{"href":"https:\/\/bionatic.com\/en\/wp-json\/wp\/v2\/media?parent=24072"}],"wp:term":[{"taxonomy":"post_tag","embeddable":true,"href":"https:\/\/bionatic.com\/en\/wp-json\/wp\/v2\/tags?post=24072"}],"curies":[{"name":"wp","href":"https:\/\/api.w.org\/{rel}","templated":true}]}}