{"id":22865,"date":"2026-04-08T07:45:31","date_gmt":"2026-04-08T07:45:31","guid":{"rendered":"https:\/\/bionatic.com\/?page_id=22865"},"modified":"2026-04-09T06:38:36","modified_gmt":"2026-04-09T06:38:36","slug":"einkaeufer-disponent-m-w-d","status":"publish","type":"page","link":"https:\/\/bionatic.com\/en\/karriere\/einkaeufer-disponent-m-w-d\/","title":{"rendered":"Eink\u00e4ufer (m\/w\/d)"},"content":{"rendered":"<div data-elementor-type=\"wp-page\" data-elementor-id=\"22865\" class=\"elementor elementor-22865\" data-elementor-post-type=\"page\">\n\t\t\t\t\t\t<section class=\"elementor-section elementor-top-section elementor-element elementor-element-54579849 elementor-section-height-full elementor-section-full_width elementor-section-height-default elementor-section-items-middle\" data-id=\"54579849\" data-element_type=\"section\" data-settings=\"{&quot;background_background&quot;:&quot;classic&quot;}\">\n\t\t\t\t\t\t<div class=\"elementor-container elementor-column-gap-default\">\n\t\t\t\t\t<div class=\"elementor-column elementor-col-100 elementor-top-column elementor-element elementor-element-105a9d1f\" data-id=\"105a9d1f\" data-element_type=\"column\">\n\t\t\t<div class=\"elementor-widget-wrap elementor-element-populated\">\n\t\t\t\t\t\t<div class=\"elementor-element elementor-element-2ca1630b bio-txt-shadow elementor-widget elementor-widget-heading\" data-id=\"2ca1630b\" data-element_type=\"widget\" data-widget_type=\"heading.default\">\n\t\t\t\t<div class=\"elementor-widget-container\">\n\t\t\t\t\t<h1 class=\"elementor-heading-title elementor-size-default\">Eink\u00e4ufer (m\/w\/d)<\/h1>\t\t\t\t<\/div>\n\t\t\t\t<\/div>\n\t\t\t\t\t<\/div>\n\t\t<\/div>\n\t\t\t\t\t<\/div>\n\t\t<\/section>\n\t\t\t\t<section class=\"elementor-section elementor-top-section elementor-element elementor-element-2a54b651 elementor-section-boxed elementor-section-height-default elementor-section-height-default\" data-id=\"2a54b651\" data-element_type=\"section\">\n\t\t\t\t\t\t<div class=\"elementor-container elementor-column-gap-default\">\n\t\t\t\t\t<div class=\"elementor-column elementor-col-100 elementor-top-column elementor-element elementor-element-7f443624\" data-id=\"7f443624\" data-element_type=\"column\">\n\t\t\t<div class=\"elementor-widget-wrap elementor-element-populated\">\n\t\t\t\t\t\t<div class=\"elementor-element elementor-element-48038708 elementor-widget elementor-widget-text-editor\" data-id=\"48038708\" data-element_type=\"widget\" data-widget_type=\"text-editor.default\">\n\t\t\t\t<div class=\"elementor-widget-container\">\n\t\t\t\t\t\t\t\t\t<p>Die Greenbox GmbH &amp; Co. KG ist eine Tochtergesellschaft der BIONATIC GmbH &amp; Co. KG und auf den Handel mit Food-Service-Verpackungen aus nachwachsenden, recycelten und recycelbaren Rohstoffen spezialisiert. Dar\u00fcber hinaus geh\u00f6ren umweltfreundliches Einmalgeschirr sowie Bio-Haushaltsprodukte zum Sortiment. Die Produkte werden sowohl online \u00fcber nationale und internationale Webshops als auch \u00fcber den klassischen B2B-Gro\u00dfhandel vertrieben.<\/p><p>Du hast Lust, mit nachhaltigen Produkten und spannenden internationalen Lieferanten zu arbeiten? Dann verst\u00e4rke unser Team als <strong>Eink\u00e4ufer (m\/w\/d<\/strong>) und werde Teil der Green Box-Familie!<\/p>\t\t\t\t\t\t\t\t<\/div>\n\t\t\t\t<\/div>\n\t\t\t\t<div class=\"elementor-element elementor-element-6090af23 elementor-widget elementor-widget-heading\" data-id=\"6090af23\" data-element_type=\"widget\" data-widget_type=\"heading.default\">\n\t\t\t\t<div class=\"elementor-widget-container\">\n\t\t\t\t\t<h3 class=\"elementor-heading-title elementor-size-default\">What's included in our package?<\/h3>\t\t\t\t<\/div>\n\t\t\t\t<\/div>\n\t\t\t\t<div class=\"elementor-element elementor-element-21b9c0ce bio-icon-oben elementor-icon-list--layout-traditional elementor-list-item-link-full_width elementor-widget elementor-widget-icon-list\" data-id=\"21b9c0ce\" data-element_type=\"widget\" data-widget_type=\"icon-list.default\">\n\t\t\t\t<div class=\"elementor-widget-container\">\n\t\t\t\t\t\t\t<ul class=\"elementor-icon-list-items\">\n\t\t\t\t\t\t\t<li class=\"elementor-icon-list-item translation-block\"><span class=\"elementor-icon-list-icon\">\n\t\t\t\t\t\t\t<i aria-hidden=\"true\" class=\"bio bio-bio-arrow-right\"><\/i>\t\t\t\t\t\t<\/span>\n\t\t\t\t\t\t\t\t\t\t<span class=\"elementor-icon-list-text\"><strong>Sustainability:<\/strong> Working in a consistently sustainable organisation<\/span><\/li>\n\t\t\t\t\t\t\t\t<li class=\"elementor-icon-list-item\">\n\t\t\t\t\t\t\t\t\t\t\t<span class=\"elementor-icon-list-icon\">\n\t\t\t\t\t\t\t<i aria-hidden=\"true\" class=\"bio bio-bio-arrow-right\"><\/i>\t\t\t\t\t\t<\/span>\n\t\t\t\t\t\t\t\t\t\t<span class=\"elementor-icon-list-text\">Team: Kurze Entscheidungswege, offene Feedbackkultur, kollegialer und fairer Umgang, feste Betreuer und viel Spa\u00df und Dynamik<\/span>\n\t\t\t\t\t\t\t\t\t<\/li>\n\t\t\t\t\t\t\t\t<li class=\"elementor-icon-list-item\">\n\t\t\t\t\t\t\t\t\t\t\t<span class=\"elementor-icon-list-icon\">\n\t\t\t\t\t\t\t<i aria-hidden=\"true\" class=\"bio bio-bio-arrow-right\"><\/i>\t\t\t\t\t\t<\/span>\n\t\t\t\t\t\t\t\t\t\t<span class=\"elementor-icon-list-text\">Arbeiten: flexible Arbeitszeiten, teilweise Home Office nach der Einarbeitung<\/span>\n\t\t\t\t\t\t\t\t\t<\/li>\n\t\t\t\t\t\t\t\t<li class=\"elementor-icon-list-item\">\n\t\t\t\t\t\t\t\t\t\t\t<span class=\"elementor-icon-list-icon\">\n\t\t\t\t\t\t\t<i aria-hidden=\"true\" class=\"bio bio-bio-arrow-right\"><\/i>\t\t\t\t\t\t<\/span>\n\t\t\t\t\t\t\t\t\t\t<span class=\"elementor-icon-list-text\">Extras: kostenlose Parkpl\u00e4tze, Zuschuss zum Deutschland-Ticket, Firmenfitness, Mitarbeiterrabatt in unseren Shops, Kohl- und Spargeltouren uvm.<\/span>\n\t\t\t\t\t\t\t\t\t<\/li>\n\t\t\t\t\t\t<\/ul>\n\t\t\t\t\t\t<\/div>\n\t\t\t\t<\/div>\n\t\t\t\t<div class=\"elementor-element elementor-element-48dfc5d6 elementor-widget elementor-widget-heading\" data-id=\"48dfc5d6\" data-element_type=\"widget\" data-widget_type=\"heading.default\">\n\t\t\t\t<div class=\"elementor-widget-container\">\n\t\t\t\t\t<h3 class=\"elementor-heading-title elementor-size-default\">Deine Aufgaben<\/h3>\t\t\t\t<\/div>\n\t\t\t\t<\/div>\n\t\t\t\t<div class=\"elementor-element elementor-element-70b39b3 bio-icon-oben elementor-icon-list--layout-traditional elementor-list-item-link-full_width elementor-widget elementor-widget-icon-list\" data-id=\"70b39b3\" data-element_type=\"widget\" data-widget_type=\"icon-list.default\">\n\t\t\t\t<div class=\"elementor-widget-container\">\n\t\t\t\t\t\t\t<ul class=\"elementor-icon-list-items\">\n\t\t\t\t\t\t\t<li class=\"elementor-icon-list-item\">\n\t\t\t\t\t\t\t\t\t\t\t<span class=\"elementor-icon-list-icon\">\n\t\t\t\t\t\t\t<i aria-hidden=\"true\" class=\"bio bio-bio-arrow-right\"><\/i>\t\t\t\t\t\t<\/span>\n\t\t\t\t\t\t\t\t\t\t<span class=\"elementor-icon-list-text\">Nationaler und internationaler Einkauf und Disposition von Handelswaren <\/span>\n\t\t\t\t\t\t\t\t\t<\/li>\n\t\t\t\t\t\t\t\t<li class=\"elementor-icon-list-item\">\n\t\t\t\t\t\t\t\t\t\t\t<span class=\"elementor-icon-list-icon\">\n\t\t\t\t\t\t\t<i aria-hidden=\"true\" class=\"bio bio-bio-arrow-right\"><\/i>\t\t\t\t\t\t<\/span>\n\t\t\t\t\t\t\t\t\t\t<span class=\"elementor-icon-list-text\">Optimierung von Bestell- und Bestandsmengen<\/span>\n\t\t\t\t\t\t\t\t\t<\/li>\n\t\t\t\t\t\t\t\t<li class=\"elementor-icon-list-item\">\n\t\t\t\t\t\t\t\t\t\t\t<span class=\"elementor-icon-list-icon\">\n\t\t\t\t\t\t\t<i aria-hidden=\"true\" class=\"bio bio-bio-arrow-right\"><\/i>\t\t\t\t\t\t<\/span>\n\t\t\t\t\t\t\t\t\t\t<span class=\"elementor-icon-list-text\">Stammdatenpflege<\/span>\n\t\t\t\t\t\t\t\t\t<\/li>\n\t\t\t\t\t\t\t\t<li class=\"elementor-icon-list-item\">\n\t\t\t\t\t\t\t\t\t\t\t<span class=\"elementor-icon-list-icon\">\n\t\t\t\t\t\t\t<i aria-hidden=\"true\" class=\"bio bio-bio-arrow-right\"><\/i>\t\t\t\t\t\t<\/span>\n\t\t\t\t\t\t\t\t\t\t<span class=\"elementor-icon-list-text\">Einholen und Bearbeiten von Angeboten und deren Aufbereitung sowie daraus resultierende Preis- und Performanceanalysen<\/span>\n\t\t\t\t\t\t\t\t\t<\/li>\n\t\t\t\t\t\t\t\t<li class=\"elementor-icon-list-item\">\n\t\t\t\t\t\t\t\t\t\t\t<span class=\"elementor-icon-list-icon\">\n\t\t\t\t\t\t\t<i aria-hidden=\"true\" class=\"bio bio-bio-arrow-right\"><\/i>\t\t\t\t\t\t<\/span>\n\t\t\t\t\t\t\t\t\t\t<span class=\"elementor-icon-list-text\">Erstellen von Auswertungen und Reports<\/span>\n\t\t\t\t\t\t\t\t\t<\/li>\n\t\t\t\t\t\t\t\t<li class=\"elementor-icon-list-item\">\n\t\t\t\t\t\t\t\t\t\t\t<span class=\"elementor-icon-list-icon\">\n\t\t\t\t\t\t\t<i aria-hidden=\"true\" class=\"bio bio-bio-arrow-right\"><\/i>\t\t\t\t\t\t<\/span>\n\t\t\t\t\t\t\t\t\t\t<span class=\"elementor-icon-list-text\">Vorbereitung und Teilnahme an Planungs- sowie Jahresgespr\u00e4chen mit den Lieferanten<\/span>\n\t\t\t\t\t\t\t\t\t<\/li>\n\t\t\t\t\t\t\t\t<li class=\"elementor-icon-list-item\">\n\t\t\t\t\t\t\t\t\t\t\t<span class=\"elementor-icon-list-icon\">\n\t\t\t\t\t\t\t<i aria-hidden=\"true\" class=\"bio bio-bio-arrow-right\"><\/i>\t\t\t\t\t\t<\/span>\n\t\t\t\t\t\t\t\t\t\t<span class=\"elementor-icon-list-text\">Benchmarking und Erarbeiten von Beschaffungsalternativen<\/span>\n\t\t\t\t\t\t\t\t\t<\/li>\n\t\t\t\t\t\t\t\t<li class=\"elementor-icon-list-item\">\n\t\t\t\t\t\t\t\t\t\t\t<span class=\"elementor-icon-list-icon\">\n\t\t\t\t\t\t\t<i aria-hidden=\"true\" class=\"bio bio-bio-arrow-right\"><\/i>\t\t\t\t\t\t<\/span>\n\t\t\t\t\t\t\t\t\t\t<span class=\"elementor-icon-list-text\">Identifikation, Auswahl und Weiterentwicklung geeigneter Lieferanten<\/span>\n\t\t\t\t\t\t\t\t\t<\/li>\n\t\t\t\t\t\t\t\t<li class=\"elementor-icon-list-item\">\n\t\t\t\t\t\t\t\t\t\t\t<span class=\"elementor-icon-list-icon\">\n\t\t\t\t\t\t\t<i aria-hidden=\"true\" class=\"bio bio-bio-arrow-right\"><\/i>\t\t\t\t\t\t<\/span>\n\t\t\t\t\t\t\t\t\t\t<span class=\"elementor-icon-list-text\">Begleitende Koordination und Kontrolle von Bestellvorg\u00e4ngen und Anlieferlogistik<\/span>\n\t\t\t\t\t\t\t\t\t<\/li>\n\t\t\t\t\t\t\t\t<li class=\"elementor-icon-list-item\">\n\t\t\t\t\t\t\t\t\t\t\t<span class=\"elementor-icon-list-icon\">\n\t\t\t\t\t\t\t<i aria-hidden=\"true\" class=\"bio bio-bio-arrow-right\"><\/i>\t\t\t\t\t\t<\/span>\n\t\t\t\t\t\t\t\t\t\t<span class=\"elementor-icon-list-text\">Systematische und kontinuierlich \u00dcberpr\u00fcfung und Optimierung der Einkaufsprozesse<\/span>\n\t\t\t\t\t\t\t\t\t<\/li>\n\t\t\t\t\t\t\t\t<li class=\"elementor-icon-list-item\">\n\t\t\t\t\t\t\t\t\t\t\t<span class=\"elementor-icon-list-icon\">\n\t\t\t\t\t\t\t<i aria-hidden=\"true\" class=\"bio bio-bio-arrow-right\"><\/i>\t\t\t\t\t\t<\/span>\n\t\t\t\t\t\t\t\t\t\t<span class=\"elementor-icon-list-text\">Einkauf von im Unternehmen ben\u00f6tigten Verbrauchsmaterialien<\/span>\n\t\t\t\t\t\t\t\t\t<\/li>\n\t\t\t\t\t\t<\/ul>\n\t\t\t\t\t\t<\/div>\n\t\t\t\t<\/div>\n\t\t\t\t<div class=\"elementor-element elementor-element-6a6dc2c3 elementor-widget elementor-widget-heading\" data-id=\"6a6dc2c3\" data-element_type=\"widget\" data-widget_type=\"heading.default\">\n\t\t\t\t<div class=\"elementor-widget-container\">\n\t\t\t\t\t<h3 class=\"elementor-heading-title elementor-size-default\">\u2026 was hast du im Sortiment?<\/h3>\t\t\t\t<\/div>\n\t\t\t\t<\/div>\n\t\t\t\t<div class=\"elementor-element elementor-element-5dc74937 bio-icon-oben elementor-icon-list--layout-traditional elementor-list-item-link-full_width elementor-widget elementor-widget-icon-list\" data-id=\"5dc74937\" data-element_type=\"widget\" data-widget_type=\"icon-list.default\">\n\t\t\t\t<div class=\"elementor-widget-container\">\n\t\t\t\t\t\t\t<ul class=\"elementor-icon-list-items\">\n\t\t\t\t\t\t\t<li class=\"elementor-icon-list-item\">\n\t\t\t\t\t\t\t\t\t\t\t<span class=\"elementor-icon-list-icon\">\n\t\t\t\t\t\t\t<i aria-hidden=\"true\" class=\"bio bio-bio-arrow-right\"><\/i>\t\t\t\t\t\t<\/span>\n\t\t\t\t\t\t\t\t\t\t<span class=\"elementor-icon-list-text\">Abgeschlossene Ausbildung als Gro\u00df- und Au\u00dfenhandelskaufmann\/-kauffrau oder Industriekaufmann\/-kauffrau oder betriebswirtschaftliches Studium<\/span>\n\t\t\t\t\t\t\t\t\t<\/li>\n\t\t\t\t\t\t\t\t<li class=\"elementor-icon-list-item\">\n\t\t\t\t\t\t\t\t\t\t\t<span class=\"elementor-icon-list-icon\">\n\t\t\t\t\t\t\t<i aria-hidden=\"true\" class=\"bio bio-bio-arrow-right\"><\/i>\t\t\t\t\t\t<\/span>\n\t\t\t\t\t\t\t\t\t\t<span class=\"elementor-icon-list-text\">Erste bis mehrj\u00e4hrige Berufserfahrung in einem vergleichbaren Feld<\/span>\n\t\t\t\t\t\t\t\t\t<\/li>\n\t\t\t\t\t\t\t\t<li class=\"elementor-icon-list-item\">\n\t\t\t\t\t\t\t\t\t\t\t<span class=\"elementor-icon-list-icon\">\n\t\t\t\t\t\t\t<i aria-hidden=\"true\" class=\"bio bio-bio-arrow-right\"><\/i>\t\t\t\t\t\t<\/span>\n\t\t\t\t\t\t\t\t\t\t<span class=\"elementor-icon-list-text\">Eigenst\u00e4ndige, strukturierte und teamorientierte Arbeitsweise<\/span>\n\t\t\t\t\t\t\t\t\t<\/li>\n\t\t\t\t\t\t\t\t<li class=\"elementor-icon-list-item\">\n\t\t\t\t\t\t\t\t\t\t\t<span class=\"elementor-icon-list-icon\">\n\t\t\t\t\t\t\t<i aria-hidden=\"true\" class=\"bio bio-bio-arrow-right\"><\/i>\t\t\t\t\t\t<\/span>\n\t\t\t\t\t\t\t\t\t\t<span class=\"elementor-icon-list-text\">Verbindliches und kommunikatives Auftreten sowie Verhandlungsgeschick<\/span>\n\t\t\t\t\t\t\t\t\t<\/li>\n\t\t\t\t\t\t\t\t<li class=\"elementor-icon-list-item\">\n\t\t\t\t\t\t\t\t\t\t\t<span class=\"elementor-icon-list-icon\">\n\t\t\t\t\t\t\t<i aria-hidden=\"true\" class=\"bio bio-bio-arrow-right\"><\/i>\t\t\t\t\t\t<\/span>\n\t\t\t\t\t\t\t\t\t\t<span class=\"elementor-icon-list-text\">Analytisches Denken<\/span>\n\t\t\t\t\t\t\t\t\t<\/li>\n\t\t\t\t\t\t\t\t<li class=\"elementor-icon-list-item\">\n\t\t\t\t\t\t\t\t\t\t\t<span class=\"elementor-icon-list-icon\">\n\t\t\t\t\t\t\t<i aria-hidden=\"true\" class=\"bio bio-bio-arrow-right\"><\/i>\t\t\t\t\t\t<\/span>\n\t\t\t\t\t\t\t\t\t\t<span class=\"elementor-icon-list-text\">Affinit\u00e4t zu digitalen Prozessen und sicherer Umgang mit MS-Office, insbesondere Excel, und Warenwirtschaftssystemen<\/span>\n\t\t\t\t\t\t\t\t\t<\/li>\n\t\t\t\t\t\t\t\t<li class=\"elementor-icon-list-item\">\n\t\t\t\t\t\t\t\t\t\t\t<span class=\"elementor-icon-list-icon\">\n\t\t\t\t\t\t\t<i aria-hidden=\"true\" class=\"bio bio-bio-arrow-right\"><\/i>\t\t\t\t\t\t<\/span>\n\t\t\t\t\t\t\t\t\t\t<span class=\"elementor-icon-list-text\">Sehr gute Deutsch- und Englischkenntnisse in Wort und Schrift<\/span>\n\t\t\t\t\t\t\t\t\t<\/li>\n\t\t\t\t\t\t<\/ul>\n\t\t\t\t\t\t<\/div>\n\t\t\t\t<\/div>\n\t\t\t\t<div class=\"elementor-element elementor-element-3445c2c1 elementor-widget elementor-widget-text-editor\" data-id=\"3445c2c1\" data-element_type=\"widget\" data-widget_type=\"text-editor.default\">\n\t\t\t\t<div class=\"elementor-widget-container\">\n\t\t\t\t\t\t\t\t\t<p>Greenbox als Teil der Bionatic-Gruppe steht f\u00fcr nachhaltige Verpackungsl\u00f6sungen aus nachwachsenden und recycelten Rohstoffen. Als E-Commerce Handelsunternehmen bieten wir unseren Kunden im In- und Ausland ein breites Sortiment an Food-Service-Verpackungen (B2B). Unser Team am Gesch\u00e4ftssitz in Bremen umfasst rund 66 Mitarbeitende. Die positive Gesch\u00e4ftsentwicklung l\u00e4sst unsere Organisation weiterhin dynamisch wachsen. Wir suchen deine tatkr\u00e4ftige Unterst\u00fctzung, um die Zukunft gemeinsam erfolgreich zu gestalten.<\/p><p>Da uns Umwelt- und Klimabewusstsein wichtig sind, gleichen wir durch CO2-Kompensationsma\u00dfnahmen alle Produkte und alle Abl\u00e4ufe des Betriebs zu 100 Prozent aus.<\/p><p>Ein ausgepr\u00e4gt kollegialer F\u00fchrungsstil und positiver Teamspirit, eine faire Bezahlung und attraktive Zusatzleistungen sind f\u00fcr uns selbstverst\u00e4ndlich.<\/p>\t\t\t\t\t\t\t\t<\/div>\n\t\t\t\t<\/div>\n\t\t\t\t<div class=\"elementor-element elementor-element-510230c7 elementor-widget elementor-widget-heading\" data-id=\"510230c7\" data-element_type=\"widget\" data-widget_type=\"heading.default\">\n\t\t\t\t<div class=\"elementor-widget-container\">\n\t\t\t\t\t<h3 class=\"elementor-heading-title elementor-size-default\">Das passt zu dir? <\/h3>\t\t\t\t<\/div>\n\t\t\t\t<\/div>\n\t\t\t\t<div class=\"elementor-element elementor-element-5faa0fd elementor-widget elementor-widget-text-editor\" data-id=\"5faa0fd\" data-element_type=\"widget\" data-widget_type=\"text-editor.default\">\n\t\t\t\t<div class=\"elementor-widget-container\">\n\t\t\t\t\t\t\t\t\t<p>Du hast Interesse? Dann freuen wir uns, mehr \u00fcber dich zu erfahren. Schick uns deine vollst\u00e4ndigen Bewerbungsunterlagen (individueller Lebenslauf, ein aussagekr\u00e4ftiges Motivationsschreiben, Zeugnisse) an <a href=\"mailto:personal@bionatic.com\">personal@bionatic.com<\/a>.<\/p>\t\t\t\t\t\t\t\t<\/div>\n\t\t\t\t<\/div>\n\t\t\t\t<div class=\"elementor-element elementor-element-6ac6d366 elementor-widget elementor-widget-global elementor-global-22025 elementor-widget-button\" data-id=\"6ac6d366\" data-element_type=\"widget\" data-widget_type=\"button.default\">\n\t\t\t\t<div class=\"elementor-widget-container\">\n\t\t\t\t\t\t\t\t\t<div class=\"elementor-button-wrapper\">\n\t\t\t\t\t<a class=\"elementor-button elementor-button-link elementor-size-sm\" href=\"https:\/\/bionatic.com\/en\/karriere\/\">\n\t\t\t\t\t\t<span class=\"elementor-button-content-wrapper\">\n\t\t\t\t\t\t<span class=\"elementor-button-icon\">\n\t\t\t\t<i aria-hidden=\"true\" class=\"bio bio-bio-arrow-left\"><\/i>\t\t\t<\/span>\n\t\t\t\t\t\t\t\t\t<span class=\"elementor-button-text\">Back<\/span>\n\t\t\t\t\t<\/span>\n\t\t\t\t\t<\/a>\n\t\t\t\t<\/div>\n\t\t\t\t\t\t\t\t<\/div>\n\t\t\t\t<\/div>\n\t\t\t\t\t<\/div>\n\t\t<\/div>\n\t\t\t\t\t<\/div>\n\t\t<\/section>\n\t\t\t\t<\/div>","protected":false},"excerpt":{"rendered":"<p>Wir suchen Verst\u00e4rkung f\u00fcr unseren Einkauf am Standort in Bremen. Du hast Lust, mit nachhaltigen Produkten und spannenden internationalen Lieferanten zu arbeiten? Dann verst\u00e4rke unser Team als Eink\u00e4ufer (m\/w\/d) und werde Teil der Green Box-Familie!<\/p>","protected":false},"author":8,"featured_media":0,"parent":23003,"menu_order":0,"comment_status":"closed","ping_status":"closed","template":"","meta":{"inline_featured_image":false,"footnotes":""},"tags":[17],"class_list":["post-22865","page","type-page","status-publish","hentry","tag-job"],"yoast_head":"<!-- This site is optimized with the Yoast SEO plugin v25.5 - https:\/\/yoast.com\/wordpress\/plugins\/seo\/ -->\n<title>Wir suchen Eink\u00e4ufer\/Disponent (m\/w\/d)<\/title>\n<meta name=\"robots\" content=\"index, follow, max-snippet:-1, max-image-preview:large, max-video-preview:-1\" \/>\n<link rel=\"canonical\" href=\"https:\/\/bionatic.com\/en\/karriere\/einkaeufer-disponent-m-w-d\/\" \/>\n<script type=\"application\/ld+json\" class=\"yoast-schema-graph\">{\"@context\":\"https:\/\/schema.org\",\"@graph\":[{\"@type\":\"WebPage\",\"@id\":\"https:\/\/bionatic.com\/karriere\/einkaeufer-disponent-m-w-d\/\",\"url\":\"https:\/\/bionatic.com\/karriere\/einkaeufer-disponent-m-w-d\/\",\"name\":\"Wir suchen Eink\u00e4ufer\/Disponent (m\/w\/d)\",\"isPartOf\":{\"@id\":\"https:\/\/bionatic.com\/#website\"},\"datePublished\":\"2026-04-08T07:45:31+00:00\",\"dateModified\":\"2026-04-09T06:38:36+00:00\",\"breadcrumb\":{\"@id\":\"https:\/\/bionatic.com\/karriere\/einkaeufer-disponent-m-w-d\/#breadcrumb\"},\"inLanguage\":\"en-GB\",\"potentialAction\":[{\"@type\":\"ReadAction\",\"target\":[\"https:\/\/bionatic.com\/karriere\/einkaeufer-disponent-m-w-d\/\"]}]},{\"@type\":\"BreadcrumbList\",\"@id\":\"https:\/\/bionatic.com\/karriere\/einkaeufer-disponent-m-w-d\/#breadcrumb\",\"itemListElement\":[{\"@type\":\"ListItem\",\"position\":1,\"name\":\"Startseite\",\"item\":\"https:\/\/bionatic.com\/\"},{\"@type\":\"ListItem\",\"position\":2,\"name\":\"Karriere\",\"item\":\"https:\/\/bionatic.com\/karriere\/\"},{\"@type\":\"ListItem\",\"position\":3,\"name\":\"Eink\u00e4ufer (m\/w\/d)\"}]},{\"@type\":\"WebSite\",\"@id\":\"https:\/\/bionatic.com\/#website\",\"url\":\"https:\/\/bionatic.com\/\",\"name\":\"Bionatic\",\"description\":\"Die Gr\u00fcne Gruppe\",\"publisher\":{\"@id\":\"https:\/\/bionatic.com\/#organization\"},\"potentialAction\":[{\"@type\":\"SearchAction\",\"target\":{\"@type\":\"EntryPoint\",\"urlTemplate\":\"https:\/\/bionatic.com\/?s={search_term_string}\"},\"query-input\":{\"@type\":\"PropertyValueSpecification\",\"valueRequired\":true,\"valueName\":\"search_term_string\"}}],\"inLanguage\":\"en-GB\"},{\"@type\":\"Organization\",\"@id\":\"https:\/\/bionatic.com\/#organization\",\"name\":\"Bionatic GmbH & Co. KG\",\"url\":\"https:\/\/bionatic.com\/\",\"logo\":{\"@type\":\"ImageObject\",\"inLanguage\":\"en-GB\",\"@id\":\"https:\/\/bionatic.com\/#\/schema\/logo\/image\/\",\"url\":\"http:\/\/510873897.swh.strato-hosting.eu\/bionatic-com-wp-2021\/wp-content\/uploads\/2018\/09\/logo164\u00d754.png\",\"contentUrl\":\"http:\/\/510873897.swh.strato-hosting.eu\/bionatic-com-wp-2021\/wp-content\/uploads\/2018\/09\/logo164\u00d754.png\",\"width\":164,\"height\":45,\"caption\":\"Bionatic GmbH & Co. KG\"},\"image\":{\"@id\":\"https:\/\/bionatic.com\/#\/schema\/logo\/image\/\"}}]}<\/script>\n<!-- \/ Yoast SEO plugin. -->","yoast_head_json":{"title":"Wir suchen Eink\u00e4ufer\/Disponent (m\/w\/d)","robots":{"index":"index","follow":"follow","max-snippet":"max-snippet:-1","max-image-preview":"max-image-preview:large","max-video-preview":"max-video-preview:-1"},"canonical":"https:\/\/bionatic.com\/en\/karriere\/einkaeufer-disponent-m-w-d\/","schema":{"@context":"https:\/\/schema.org","@graph":[{"@type":"WebPage","@id":"https:\/\/bionatic.com\/karriere\/einkaeufer-disponent-m-w-d\/","url":"https:\/\/bionatic.com\/karriere\/einkaeufer-disponent-m-w-d\/","name":"Wir suchen Eink\u00e4ufer\/Disponent (m\/w\/d)","isPartOf":{"@id":"https:\/\/bionatic.com\/#website"},"datePublished":"2026-04-08T07:45:31+00:00","dateModified":"2026-04-09T06:38:36+00:00","breadcrumb":{"@id":"https:\/\/bionatic.com\/karriere\/einkaeufer-disponent-m-w-d\/#breadcrumb"},"inLanguage":"en-GB","potentialAction":[{"@type":"ReadAction","target":["https:\/\/bionatic.com\/karriere\/einkaeufer-disponent-m-w-d\/"]}]},{"@type":"BreadcrumbList","@id":"https:\/\/bionatic.com\/karriere\/einkaeufer-disponent-m-w-d\/#breadcrumb","itemListElement":[{"@type":"ListItem","position":1,"name":"Startseite","item":"https:\/\/bionatic.com\/"},{"@type":"ListItem","position":2,"name":"Karriere","item":"https:\/\/bionatic.com\/karriere\/"},{"@type":"ListItem","position":3,"name":"Eink\u00e4ufer (m\/w\/d)"}]},{"@type":"WebSite","@id":"https:\/\/bionatic.com\/#website","url":"https:\/\/bionatic.com\/","name":"Bionatic","description":"Die Gr\u00fcne Gruppe","publisher":{"@id":"https:\/\/bionatic.com\/#organization"},"potentialAction":[{"@type":"SearchAction","target":{"@type":"EntryPoint","urlTemplate":"https:\/\/bionatic.com\/?s={search_term_string}"},"query-input":{"@type":"PropertyValueSpecification","valueRequired":true,"valueName":"search_term_string"}}],"inLanguage":"en-GB"},{"@type":"Organization","@id":"https:\/\/bionatic.com\/#organization","name":"Bionatic GmbH & Co. KG","url":"https:\/\/bionatic.com\/","logo":{"@type":"ImageObject","inLanguage":"en-GB","@id":"https:\/\/bionatic.com\/#\/schema\/logo\/image\/","url":"http:\/\/510873897.swh.strato-hosting.eu\/bionatic-com-wp-2021\/wp-content\/uploads\/2018\/09\/logo164\u00d754.png","contentUrl":"http:\/\/510873897.swh.strato-hosting.eu\/bionatic-com-wp-2021\/wp-content\/uploads\/2018\/09\/logo164\u00d754.png","width":164,"height":45,"caption":"Bionatic GmbH & Co. KG"},"image":{"@id":"https:\/\/bionatic.com\/#\/schema\/logo\/image\/"}}]}},"_links":{"self":[{"href":"https:\/\/bionatic.com\/en\/wp-json\/wp\/v2\/pages\/22865","targetHints":{"allow":["GET"]}}],"collection":[{"href":"https:\/\/bionatic.com\/en\/wp-json\/wp\/v2\/pages"}],"about":[{"href":"https:\/\/bionatic.com\/en\/wp-json\/wp\/v2\/types\/page"}],"author":[{"embeddable":true,"href":"https:\/\/bionatic.com\/en\/wp-json\/wp\/v2\/users\/8"}],"replies":[{"embeddable":true,"href":"https:\/\/bionatic.com\/en\/wp-json\/wp\/v2\/comments?post=22865"}],"version-history":[{"count":0,"href":"https:\/\/bionatic.com\/en\/wp-json\/wp\/v2\/pages\/22865\/revisions"}],"up":[{"embeddable":true,"href":"https:\/\/bionatic.com\/en\/wp-json\/wp\/v2\/pages\/23003"}],"wp:attachment":[{"href":"https:\/\/bionatic.com\/en\/wp-json\/wp\/v2\/media?parent=22865"}],"wp:term":[{"taxonomy":"post_tag","embeddable":true,"href":"https:\/\/bionatic.com\/en\/wp-json\/wp\/v2\/tags?post=22865"}],"curies":[{"name":"wp","href":"https:\/\/api.w.org\/{rel}","templated":true}]}}